{"id":1761,"date":"2024-09-17T19:19:49","date_gmt":"2024-09-17T19:19:49","guid":{"rendered":"https:\/\/stlcc.gob.hn\/?page_id=1761"},"modified":"2026-02-10T16:19:17","modified_gmt":"2026-02-10T16:19:17","slug":"oncae","status":"publish","type":"page","link":"https:\/\/stlcc.gob.hn\/?page_id=1761","title":{"rendered":"Oficina Normativa de Adquisici\u00f3n y Contrataciones del Estado (ONCAE)"},"content":{"rendered":"\n<div class=\"wp-block-cover alignfull is-light is-position-center-center\" style=\"border-radius:0px\"><img loading=\"lazy\" decoding=\"async\" width=\"1922\" height=\"2560\" class=\"wp-block-cover__image-background wp-image-1211\" alt=\"\" src=\"https:\/\/stlcc.gob.hn\/wp-content\/uploads\/2024\/09\/Sin-titulo-17-01.jpg\" data-object-fit=\"cover\" srcset=\"https:\/\/stlcc.gob.hn\/wp-content\/uploads\/2024\/09\/Sin-titulo-17-01.jpg 1922w, https:\/\/stlcc.gob.hn\/wp-content\/uploads\/2024\/09\/Sin-titulo-17-01-225x300.jpg 225w, https:\/\/stlcc.gob.hn\/wp-content\/uploads\/2024\/09\/Sin-titulo-17-01-769x1024.jpg 769w\" sizes=\"auto, (max-width: 1922px) 100vw, 1922px\" \/><span aria-hidden=\"true\" class=\"wp-block-cover__background has-black-background-color has-background-dim-0 has-background-dim\"><\/span><div class=\"wp-block-cover__inner-container is-layout-flow wp-block-cover-is-layout-flow\">\n<div style=\"height:100px\" aria-hidden=\"true\" class=\"wp-block-spacer\"><\/div>\n\n\n\n<h1 class=\"wp-block-heading has-text-align-center titulo-personalizado has-text-color has-large-font-size\" style=\"color:#fffffa; text-transform:none; font-size: 3em !important;\">\n    <mark style=\"background-color:rgba(0, 0, 0, 0);color:#273b7e\" class=\"has-inline-color\">\n        Oficina Normativa de Contrataci\u00f3n <br>y Adquisiciones del Estado (ONCAE)\n    <\/mark>\n<\/h1>\n<!-- L\u00ednea separadora con degradado -->\n<div class=\"separator-line-roja3\"><\/div><br>\n\n\n\n<div style=\"height:40px\" aria-hidden=\"true\" class=\"wp-block-spacer\"><\/div>\n\n\n\n<h4 class=\"wp-block-heading has-text-align-center espaciador has-text-color has-link-color\" id=\"inspiro-is-a-digital-product-agency-that-focuses-on-strategy-and-desig\" style=\"color:#273b7e;font-weight:300\">\n  <span style=\"font-size:70px;\"><span class=\"letras-rojo\">\u00bf<\/span>Qui\u00e9nes somos<span class=\"letras-rojo\">?<\/span><\/span>\n<\/h4>\n\n\n\n<div class=\"reusable-content-box-legal\">\n<p class=\"has-text-align-center has-text-color has-link-color\" style=\"color:#949699\"><span style=\"color: #949699\">La Oficina Normativa de Contrataci\u00f3n y Adquisiciones del Estado (ONCAE), creada por el Decreto Legislativo No. 74-2001, es un \u00f3rgano t\u00e9cnico y consultivo adscrito a la Secretar\u00eda de Transparencia y Lucha contra la Corrupci\u00f3n, seg\u00fan el Decreto PCM 05-2022. La ONCAE se encarga de emitir normas e instructivos para optimizar los procesos de contrataci\u00f3n p\u00fablica, brindando asesor\u00eda y coordinaci\u00f3n para garantizar transparencia y eficiencia, en l\u00ednea con las pol\u00edticas del gobierno de la Rep\u00fablica de la presidenta Iris Xiomara Castro Sarmiento.\n<\/p>\n<\/div>\n\n\n\n<div style=\"height:100px\" aria-hidden=\"true\" class=\"wp-block-spacer\"><\/div>\n\n\n\n<div class=\"wp-block-columns alignfull is-layout-flex wp-container-core-columns-is-layout-28f84493 wp-block-columns-is-layout-flex\">\n<div class=\"wp-block-column is-layout-flow wp-block-column-is-layout-flow\">\n<h4 class=\"wp-block-heading has-text-align-center has-text-color has-link-color wp-elements-b2a1da89364a12b9cba70e9793342092\" style=\"color:#273b7e;font-size:clamp(14px, 0.875rem + ((1vw - 3.2px) * 0.417), 18px);\">Departamento Legal<\/h4>\n\n\n\n<div class=\"wp-block-buttons has-custom-font-size is-content-justification-center is-layout-flex wp-container-core-buttons-is-layout-a89b3969 wp-block-buttons-is-layout-flex\" style=\"font-size:10px\">\n<div class=\"wp-block-button popmake-9226 is-style-outline is-style-outline--1\"><a class=\"wp-block-button__link wp-element-button\">Ver m\u00e1s<\/a><\/div>\n<\/div>\n<\/div>\n\n\n\n<div class=\"wp-block-column is-layout-flow wp-block-column-is-layout-flow\">\n<h4 class=\"wp-block-heading has-text-align-center has-text-color has-link-color wp-elements-7fe9a61bac385062ef1ad3ca4064de8f\" style=\"color:#273b7e;font-size:clamp(14px, 0.875rem + ((1vw - 3.2px) * 0.417), 18px);\">Departamento de Desarrollo de Capacidades Y CPC<\/h4>\n\n\n\n<div class=\"wp-block-buttons is-content-justification-center is-layout-flex wp-container-core-buttons-is-layout-a89b3969 wp-block-buttons-is-layout-flex\">\n<div class=\"wp-block-button popmake-9228 is-style-outline is-style-outline--2\"><a class=\"wp-block-button__link has-custom-font-size wp-element-button\" style=\"font-size:10px\">Ver m\u00e1s<\/a><\/div>\n<\/div>\n<\/div>\n\n\n\n<div class=\"wp-block-column is-layout-flow wp-block-column-is-layout-flow\">\n<h4 class=\"wp-block-heading has-text-align-center has-text-color has-link-color wp-elements-82a77ff9e7e1cf9239db12271fca96a5\" style=\"color:#273b7e;font-size:clamp(14px, 0.875rem + ((1vw - 3.2px) * 0.417), 18px);\">Departamento de Gesti\u00f3n de Compras<\/h4>\n\n\n\n<div class=\"wp-block-buttons is-content-justification-center is-layout-flex wp-container-core-buttons-is-layout-a89b3969 wp-block-buttons-is-layout-flex\">\n<div class=\"wp-block-button popmake-9230 is-style-outline is-style-outline--3\"><a class=\"wp-block-button__link has-custom-font-size wp-element-button\" style=\"font-size:10px\">Ver m\u00e1s<\/a><\/div>\n<\/div>\n<\/div>\n\n\n\n<div class=\"wp-block-column is-layout-flow wp-block-column-is-layout-flow\">\n<h4 class=\"wp-block-heading has-text-align-center has-text-color has-link-color wp-elements-c8f18776fa1cfe498c74424c3856ec0a\" style=\"color:#273b7e;font-size:clamp(14px, 0.875rem + ((1vw - 3.2px) * 0.417), 18px);\">Departamento de Tecnolog\u00eda<\/h4>\n\n\n\n<div class=\"wp-block-buttons has-custom-font-size is-style-outline is-content-justification-center is-layout-flex wp-container-core-buttons-is-layout-a89b3969 wp-block-buttons-is-layout-flex\" style=\"font-size:10px\">\n<div class=\"wp-block-button popmake-9232 is-style-outline is-style-outline--4\"><a class=\"wp-block-button__link wp-element-button\">Ver m\u00e1s<\/a><\/div>\n<\/div>\n<\/div>\n<\/div>\n\n\n\n<div style=\"height:100px\" aria-hidden=\"true\" class=\"wp-block-spacer\"><\/div>\n\n\n\n\n\n\n\n<div style=\"height:var(--wp--preset--spacing--small)\" aria-hidden=\"true\" class=\"wp-block-spacer\"><\/div>\n\n\n\n\n\n<h4 class=\"wp-block-heading has-text-align-center espaciador has-text-color has-link-color wp-elements-66e72b7c799966e1f31afcf157ff9e60\" id=\"inspiro-is-a-digital-product-agency-that-focuses-on-strategy-and-desig\" style=\"color:#273b7e;font-size:clamp(37.821px, 2.364rem + ((1vw - 3.2px) * 3.352), 70px);font-style:normal;font-weight:300\">Funciones<\/h4>\n\n\n\n<p class=\"has-text-color has-link-color has-medium-font-size wp-elements-b63931c945953a347994fc430c8f18eb\" style=\"color:#949699\"><strong>Dentro de las funciones, se encuentran:<\/strong><\/p>\n\n\n\n<ul style=\"color:#949699\" class=\"wp-block-list reusable-content-box-legal has-text-color has-link-color wp-elements-d4ea72b9411ef24864f5206be039ad5f\">\n<li>Establecer y mantener actualizado el Registro de Proveedores y Contratistas del Estado<\/li>\n\n\n\n<li>Dise\u00f1ar, poner en ejecuci\u00f3n y evaluar peri\u00f3dicamente normas y procedimientos operativos relativos al sistema de contrataci\u00f3n y adquisiciones, para corregir en forma oportuna la operatividad del sistema.<\/li>\n\n\n\n<li>Dise\u00f1ar modelos, tipo de pliegos de condiciones y de contratos, as\u00ed como, de manuales para precalificaci\u00f3n de contratistas.<\/li>\n\n\n\n<li>Dise\u00f1ar y poner en ejecuci\u00f3n sistemas de registro inform\u00e1tico para procurar la informaci\u00f3n requerida en los procesos de contrataci\u00f3n y adquisiciones.<\/li>\n\n\n\n<li>Prestar asistencia t\u00e9cnica-legal a las distintas Secretar\u00edas de Estado y dem\u00e1s organismos del sector p\u00fablico para la capacitaci\u00f3n del personal y para la puesta en ejecuci\u00f3n de manuales de organizaci\u00f3n y funciones, control interno y procedimientos relativos a la actividad de contrataci\u00f3n.<\/li>\n\n\n\n<li>Realizar estudios para actualizar anualmente los montos de inversi\u00f3n que determinan los procedimientos de contrataci\u00f3n previstos en el art\u00edculo 38 de la Ley de Contrataci\u00f3n del Estado.<\/li>\n\n\n\n<li>Llevar el Registro de Contratos.<\/li>\n\n\n\n<li>Establecer criterios uniformes y homog\u00e9neos para la formulaci\u00f3n de los Planes Anuales de Compras y Contrataciones (PACC) en el sector p\u00fablico.<\/li>\n\n\n\n<li>Realizar todas las gestiones necesarias para la ejecuci\u00f3n de los diferentes Cat\u00e1logos Electr\u00f3nicos.<\/li>\n\n\n\n<li>En general velar por el cumplimiento de la Ley de Contrataci\u00f3n de Estado y su Reglamento as\u00ed como la Ley de Compras Eficientes y Transparentes a trav\u00e9s de Medios Electr\u00f3nicos y su Reglamento.<\/li>\n<\/ul>\n\n\n\n<div style=\"height:100px\" aria-hidden=\"true\" class=\"wp-block-spacer\"><\/div>\n\n\n\n<h4 class=\"wp-block-heading has-text-align-center espaciador has-text-color has-link-color\" id=\"inspiro-is-a-digital-product-agency-that-focuses-on-strategy-and-desig\" style=\"color:#273b7e;font-weight:300\">\n  <span style=\"font-size:70px;\">Logros <span style=\"color: #ad8411;\">Principales<\/span><\/span><br>\n<\/h4>\n\n\n\n<p class=\"has-text-color has-link-color has-medium-font-size wp-elements-7305a61917468aade3e6ecf55df463e1\" style=\"color:#949699\"><strong>La Oficina Normativa de Contrataci\u00f3n y Adquisiciones del Estado (ONCAE) ha alcanzado importantes logros que han contribuido significativamente a la modernizaci\u00f3n y transparencia del sistema de contrataciones p\u00fablicas en Honduras. Entre los principales avances se destacan:<\/strong><\/p>\n\n\n\n<ul style=\"color:#949699\" class=\"wp-block-list reusable-content-box-legal has-text-color has-link-color wp-elements-1361421d12d4b2536f19f1f486791506\">\n<li>Asesor\u00eda Legal y Acompa\u00f1amiento T\u00e9cnico: Se ha brindado asesor\u00eda legal a diversas instituciones del Estado en el marco de los procesos de contrataci\u00f3n p\u00fablica, dando seguimiento a sus solicitudes y participando como veedores en los actos de apertura de ofertas. Estas acciones tienen como objetivo fomentar la transparencia y garantizar el cumplimiento del marco legal vigente.<\/li>\n\n\n\n<li>Capacitaci\u00f3n T\u00e9cnica a Instituciones P\u00fablicas: Se imparti\u00f3 la capacitaci\u00f3n &#8220;Lineamientos para la Elaboraci\u00f3n, Monitoreo y Evaluaci\u00f3n de los Planes Anuales de Compras y Contrataciones (PACC)&#8221; dirigida a los departamentos de planificaci\u00f3n y compras de diversas instituciones. Asimismo, se desarroll\u00f3 la capacitaci\u00f3n &#8220;Modalidades de Contrataci\u00f3n y Buenas Pr\u00e1cticas en las Compras P\u00fablicas&#8221;, dirigida a unidades ejecutoras de la Municipalidad de San Pedro Sula.<\/li>\n\n\n\n<li>Acreditaci\u00f3n del Comprador P\u00fablico Certificado: En el Proceso de Acreditaci\u00f3n No. 01-2025, participaron 114 postulantes. De ellos, 83 aprobaron (73%), 28 reprobaron (24%) y 3 no se presentaron a evaluaci\u00f3n (3%), reflejando un avance significativo en la profesionalizaci\u00f3n del comprador p\u00fablico.<\/li>\n\n\n\n<li>Capacitaci\u00f3n Presencial y Virtual: Presencial: Durante los primeros cinco meses del a\u00f1o 2025, se realizaron 49 capacitaciones presenciales en las que participaron 71 instituciones del Estado, capacitando a un total de 1,340 funcionarios de instituciones centralizadas y descentralizadas. Virtual: En ese mismo per\u00edodo, se impartieron 32 capacitaciones virtuales, alcanzando a 1,445 participantes, entre ellos funcionarios p\u00fablicos, autoridades locales, proveedores y otros actores clave.<\/li>\n\n\n\n<li>Nuevo del Cat\u00e1logo Electr\u00f3nico: Se habilit\u00f3 un nuevo cat\u00e1logo electr\u00f3nico basado en el Convenio Marco de Veh\u00edculos Automotores, el cual incluye 7 tipos de veh\u00edculos ofertados por 4 proveedores del Estado.<\/li>\n\n\n\n<li>Mejoras Tecnol\u00f3gicas en Honducompras 1: Se dise\u00f1aron, desarrollaron e implementaron mejoras en los m\u00f3dulos de PACC, Registro de Proveedores, Cat\u00e1logo Electr\u00f3nico, Difusi\u00f3n y Contratos, fortaleciendo as\u00ed la funcionalidad y usabilidad del sistema.<\/li>\n\n\n\n<li>Implementaci\u00f3n de Cuadros de Mando (Dashboards): Se desarrollaron herramientas de visualizaci\u00f3n de datos (dashboards) con informaci\u00f3n estad\u00edstica sobre los Planes Anuales de Compras y Contrataciones de las diferentes instituciones del Estado, facilitando el an\u00e1lisis, monitoreo y toma de decisiones.<\/li>\n<\/ul>\n\n\n\n<div style=\"height:100px\" aria-hidden=\"true\" class=\"wp-block-spacer\"><\/div>\n\n\n\n<h4 class=\"wp-block-heading has-text-align-center espaciador has-text-color has-link-color wp-elements-edec9fc9d30d0c642d866d9102a44d9f\" id=\"inspiro-is-a-digital-product-agency-that-focuses-on-strategy-and-desig\" style=\"color:#273b7e;font-size:clamp(37.821px, 2.364rem + ((1vw - 3.2px) * 3.352), 70px);font-style:normal;font-weight:300\">Noticias<\/h4>\n\n\n\n<div class=\"wp-block-columns is-layout-flex wp-container-core-columns-is-layout-28f84493 wp-block-columns-is-layout-flex\">\n<div class=\"wp-block-column is-layout-flow wp-block-column-is-layout-flow\" style=\"padding-top:0;padding-right:0;padding-bottom:0;padding-left:0\">\n<div class=\"wp-block-cover has-custom-content-position is-position-bottom-left\" style=\"padding-top:var(--wp--preset--spacing--small);padding-right:var(--wp--preset--spacing--x-small);padding-bottom:var(--wp--preset--spacing--small);padding-left:var(--wp--preset--spacing--x-small)\"><img loading=\"lazy\" decoding=\"async\" width=\"1024\" height=\"724\" class=\"wp-block-cover__image-background wp-image-9234 size-large\" alt=\"\" src=\"https:\/\/stlcc.gob.hn\/wp-content\/uploads\/2025\/06\/Boletin-_1_trimestre-1024x724.jpg\" data-object-fit=\"cover\" srcset=\"https:\/\/stlcc.gob.hn\/wp-content\/uploads\/2025\/06\/Boletin-_1_trimestre-1024x724.jpg 1024w, https:\/\/stlcc.gob.hn\/wp-content\/uploads\/2025\/06\/Boletin-_1_trimestre-300x212.jpg 300w, https:\/\/stlcc.gob.hn\/wp-content\/uploads\/2025\/06\/Boletin-_1_trimestre-2000x1414.jpg 2000w\" sizes=\"auto, (max-width: 1024px) 100vw, 1024px\" \/><span aria-hidden=\"true\" class=\"wp-block-cover__background has-primary-background-color has-background-dim-60 has-background-dim\"><\/span><div class=\"wp-block-cover__inner-container is-layout-flow wp-block-cover-is-layout-flow\">\n<h3 class=\"wp-block-heading has-white-color has-text-color has-medium-font-size\" style=\"margin-top:0;margin-right:0;margin-bottom:0;margin-left:0\"><strong>Bolet\u00edn Estadistico del primer trimestre del a\u00f1o 2025<\/strong><\/h3>\n\n\n\n<p class=\"has-text-color has-link-color wp-elements-a8183075efb75dd95f476d585b96b6bd\" style=\"color:#ad8411;margin-top:0;margin-right:0;margin-bottom:0;margin-left:0\"><a href=\"https:\/\/oncae.gob.hn\/2025\/06\/17\/boletin-estadistico-trimestral-q1-2025\/\" target=\"_blank\" rel=\"noreferrer noopener\">Ver m\u00e1s \u2192<\/a><\/p>\n<\/div><\/div>\n<\/div>\n\n\n\n<div class=\"wp-block-column is-layout-flow wp-block-column-is-layout-flow\" style=\"padding-top:0;padding-right:0;padding-bottom:0;padding-left:0\">\n<div class=\"wp-block-cover has-custom-content-position is-position-bottom-left\" style=\"padding-top:var(--wp--preset--spacing--small);padding-right:var(--wp--preset--spacing--x-small);padding-bottom:var(--wp--preset--spacing--small);padding-left:var(--wp--preset--spacing--x-small)\"><img loading=\"lazy\" decoding=\"async\" width=\"1024\" height=\"819\" class=\"wp-block-cover__image-background wp-image-9235 size-large\" alt=\"\" src=\"https:\/\/stlcc.gob.hn\/wp-content\/uploads\/2025\/06\/Imagen01-1024x819.jpeg\" data-object-fit=\"cover\" srcset=\"https:\/\/stlcc.gob.hn\/wp-content\/uploads\/2025\/06\/Imagen01-1024x819.jpeg 1024w, https:\/\/stlcc.gob.hn\/wp-content\/uploads\/2025\/06\/Imagen01-300x240.jpeg 300w, https:\/\/stlcc.gob.hn\/wp-content\/uploads\/2025\/06\/Imagen01.jpeg 1600w\" sizes=\"auto, (max-width: 1024px) 100vw, 1024px\" \/><span aria-hidden=\"true\" class=\"wp-block-cover__background has-primary-background-color has-background-dim-60 has-background-dim\"><\/span><div class=\"wp-block-cover__inner-container is-layout-flow wp-block-cover-is-layout-flow\">\n<h3 class=\"wp-block-heading has-white-color has-text-color has-medium-font-size\" style=\"margin-top:0;margin-right:0;margin-bottom:0;margin-left:0\"><strong>Certificacion de 78 nuevos CPC<\/strong><\/h3>\n\n\n\n<p class=\"has-text-color has-link-color wp-elements-f315d32207ab5affd1e885f3c82b6563\" style=\"color:#ad8411;margin-top:0;margin-right:0;margin-bottom:0;margin-left:0\"><a href=\"https:\/\/www.facebook.com\/share\/p\/1C2wnBjLq1\/\" target=\"_blank\" rel=\"noreferrer noopener\">Ver m\u00e1s \u2192<\/a><\/p>\n<\/div><\/div>\n<\/div>\n\n\n\n<div class=\"wp-block-column is-layout-flow wp-block-column-is-layout-flow\" style=\"padding-top:0;padding-right:0;padding-bottom:0;padding-left:0\">\n<div class=\"wp-block-cover has-custom-content-position is-position-bottom-left\" style=\"padding-top:var(--wp--preset--spacing--small);padding-right:var(--wp--preset--spacing--x-small);padding-bottom:var(--wp--preset--spacing--small);padding-left:var(--wp--preset--spacing--x-small)\"><img loading=\"lazy\" decoding=\"async\" width=\"1024\" height=\"640\" class=\"wp-block-cover__image-background wp-image-9236 size-large\" alt=\"\" src=\"https:\/\/stlcc.gob.hn\/wp-content\/uploads\/2025\/06\/bashboard-1024x640.png\" data-object-fit=\"cover\" srcset=\"https:\/\/stlcc.gob.hn\/wp-content\/uploads\/2025\/06\/bashboard-1024x640.png 1024w, https:\/\/stlcc.gob.hn\/wp-content\/uploads\/2025\/06\/bashboard-300x187.png 300w, https:\/\/stlcc.gob.hn\/wp-content\/uploads\/2025\/06\/bashboard.png 1919w\" sizes=\"auto, (max-width: 1024px) 100vw, 1024px\" \/><span aria-hidden=\"true\" class=\"wp-block-cover__background has-primary-background-color has-background-dim-60 has-background-dim\"><\/span><div class=\"wp-block-cover__inner-container is-layout-flow wp-block-cover-is-layout-flow\">\n<h3 class=\"wp-block-heading has-white-color has-text-color has-medium-font-size\" style=\"margin-top:0;margin-right:0;margin-bottom:0;margin-left:0\"><strong>Informaci\u00f3n estadistica sobre los Planes Anuales de Compras y Contrataciones<\/strong><\/h3>\n\n\n\n<p class=\"has-text-color has-link-color wp-elements-7e7dcdae4c34e7c4bc15fd146f9cc49d\" style=\"color:#ad8411;margin-top:0;margin-right:0;margin-bottom:0;margin-left:0\"><a href=\"https:\/\/oncae.gob.hn\/plan-anual-de-compras-y-contrataciones-pacc\/estadistica-pacc\/\" target=\"_blank\" rel=\"noreferrer noopener\">Ver m\u00e1s \u2192<\/a><\/p>\n<\/div><\/div>\n<\/div>\n<\/div>\n\n\n\n<div style=\"height:100px\" aria-hidden=\"true\" class=\"wp-block-spacer\"><\/div>\n\n\n\n<h1 class=\"wp-block-heading has-text-align-center titulo-personalizado has-text-color has-large-font-size\" style=\"color:#fffffa; text-transform:none; font-size: 3em !important;\">\n    <mark style=\"background-color:rgba(0, 0, 0, 0);color:#273b7e\" class=\"has-inline-color\">\n        Nuestra Ubicaci\u00f3n\n    <\/mark>\n<\/h1>\n<!-- L\u00ednea separadora con degradado -->\n<div class=\"separator-line-roja3\"><\/div><br>\n\n\n<\/div><\/div>\n","protected":false},"excerpt":{"rendered":"","protected":false},"author":1,"featured_media":0,"parent":0,"menu_order":0,"comment_status":"closed","ping_status":"closed","template":"","meta":{"_bbp_topic_count":0,"_bbp_reply_count":0,"_bbp_total_topic_count":0,"_bbp_total_reply_count":0,"_bbp_voice_count":0,"_bbp_anonymous_reply_count":0,"_bbp_topic_count_hidden":0,"_bbp_reply_count_hidden":0,"_bbp_forum_subforum_count":0,"footnotes":""},"class_list":["post-1761","page","type-page","status-publish","hentry"],"_links":{"self":[{"href":"https:\/\/stlcc.gob.hn\/index.php?rest_route=\/wp\/v2\/pages\/1761","targetHints":{"allow":["GET"]}}],"collection":[{"href":"https:\/\/stlcc.gob.hn\/index.php?rest_route=\/wp\/v2\/pages"}],"about":[{"href":"https:\/\/stlcc.gob.hn\/index.php?rest_route=\/wp\/v2\/types\/page"}],"author":[{"embeddable":true,"href":"https:\/\/stlcc.gob.hn\/index.php?rest_route=\/wp\/v2\/users\/1"}],"replies":[{"embeddable":true,"href":"https:\/\/stlcc.gob.hn\/index.php?rest_route=%2Fwp%2Fv2%2Fcomments&post=1761"}],"version-history":[{"count":52,"href":"https:\/\/stlcc.gob.hn\/index.php?rest_route=\/wp\/v2\/pages\/1761\/revisions"}],"predecessor-version":[{"id":9842,"href":"https:\/\/stlcc.gob.hn\/index.php?rest_route=\/wp\/v2\/pages\/1761\/revisions\/9842"}],"wp:attachment":[{"href":"https:\/\/stlcc.gob.hn\/index.php?rest_route=%2Fwp%2Fv2%2Fmedia&parent=1761"}],"curies":[{"name":"wp","href":"https:\/\/api.w.org\/{rel}","templated":true}]}}