{"id":1855,"date":"2024-09-17T21:28:45","date_gmt":"2024-09-17T21:28:45","guid":{"rendered":"https:\/\/stlcc.gob.hn\/?page_id=1855"},"modified":"2026-02-10T16:28:19","modified_gmt":"2026-02-10T16:28:19","slug":"direccion-general-de-modernizacion-administrativa-dgma","status":"publish","type":"page","link":"https:\/\/stlcc.gob.hn\/?page_id=1855","title":{"rendered":"Direcci\u00f3n General de Modernizaci\u00f3n Administrativa (DGMA)"},"content":{"rendered":"\n<div class=\"wp-block-cover alignfull is-light is-position-center-center\" style=\"border-radius:0px\"><img loading=\"lazy\" decoding=\"async\" width=\"1922\" height=\"2560\" class=\"wp-block-cover__image-background wp-image-1211\" alt=\"\" src=\"https:\/\/stlcc.gob.hn\/wp-content\/uploads\/2024\/09\/Sin-titulo-17-01.jpg\" data-object-fit=\"cover\" srcset=\"https:\/\/stlcc.gob.hn\/wp-content\/uploads\/2024\/09\/Sin-titulo-17-01.jpg 1922w, https:\/\/stlcc.gob.hn\/wp-content\/uploads\/2024\/09\/Sin-titulo-17-01-225x300.jpg 225w, https:\/\/stlcc.gob.hn\/wp-content\/uploads\/2024\/09\/Sin-titulo-17-01-769x1024.jpg 769w\" sizes=\"auto, (max-width: 1922px) 100vw, 1922px\" \/><span aria-hidden=\"true\" class=\"wp-block-cover__background has-black-background-color has-background-dim-0 has-background-dim\"><\/span><div class=\"wp-block-cover__inner-container is-layout-flow wp-block-cover-is-layout-flow\">\n<div style=\"height:100px\" aria-hidden=\"true\" class=\"wp-block-spacer\"><\/div>\n\n\n\n<h1 class=\"wp-block-heading has-text-align-center titulo-personalizado has-text-color has-large-font-size\" style=\"color:#fffffa; text-transform:none; font-size: 3em !important;\">\n    <mark style=\"background-color:rgba(0, 0, 0, 0);color:#273b7e\" class=\"has-inline-color\">\n        Direcci\u00f3n General de Modernizaci\u00f3n <br> Administrativa (DGMA)\n    <\/mark>\n<\/h1>\n<!-- L\u00ednea separadora con degradado -->\n<div class=\"separator-line-roja3\"><\/div><br>\n\n\n\n<div style=\"height:40px\" aria-hidden=\"true\" class=\"wp-block-spacer\"><\/div>\n\n\n\n<h4 class=\"wp-block-heading has-text-align-center espaciador has-text-color has-link-color\" id=\"inspiro-is-a-digital-product-agency-that-focuses-on-strategy-and-desig\" style=\"color:#273b7e;font-weight:300\">\n  <span style=\"font-size:70px;\"><span class=\"letras-rojo\">\u00bf<\/span>Qui\u00e9nes somos<span class=\"letras-rojo\">?<\/span><\/span>\n<\/h4>\n\n\n\n<div class=\"reusable-content-box-legal\">\n<p class=\"has-text-align-center has-text-color has-link-color\" style=\"color:#949699\"><span style=\"color: #949699\">Modernizar el Estado es gestionar el cambio para que las instituciones p\u00fablicas centren sus servicios en el ciudadano y lleven a\ncabo sus funciones y actividades de manera \u00e1gil, efectiva, eficiente y eficaz; por ende desde la Direcci\u00f3n General de\nModernizaci\u00f3n Administrativa (DGMA) y en el marco del Plan de Gobierno para Refundar Honduras 2022-2026 se est\u00e1\nimpulsando una serie de proyectos con el prop\u00f3sito de orientar los recursos institucionales, promoviendo la simplificaci\u00f3n\nadministrativa, la optimizaci\u00f3n, la mejora continua, la gesti\u00f3n de la calidad, la innovaci\u00f3n y el fortalecimiento de capacidades de\nlos servidores p\u00fablicos involucrados en los procesos de modernizaci\u00f3n y reforma institucional.\n<\/p>\n<\/div>\n\n\n\n<div style=\"height:100px\" aria-hidden=\"true\" class=\"wp-block-spacer\"><\/div>\n\n\n\n<h1 class=\"wp-block-heading has-text-align-center titulo-personalizado has-text-color has-large-font-size\" style=\"color:#fffffa; text-transform:none; font-size: 4em !important;\">\n    <mark style=\"background-color:rgba(0, 0, 0, 0);color:#273b7e\" class=\"has-inline-color\">\n        Nuestro <span style=\"color: #ad8411;\">Objetivo<\/span>\n    <\/mark>\n<\/h1>\n\n\n\n<div class=\"reusable-content-box-legal\" style=\"padding: 20px 0px 10px 20px; border-radius: 10px;\">\n<p class=\"has-text-align-center has-text-color has-link-color\" style=\"color:#949699; text-align: center;\">\n    <span style=\"color: #949699\">Rectorar la planificaci\u00f3n, formulaci\u00f3n, implementaci\u00f3n y seguimiento de las pol\u00edticas p\u00fablicas en materia de Modernizaci\u00f3n del\nEstado. (PCM 023-2023).\n    <\/span>\n<\/p>\n<\/div>\n\n\n\n<div style=\"height:100px\" aria-hidden=\"true\" class=\"wp-block-spacer\"><\/div>\n\n\n\n<h1 class=\"wp-block-heading has-text-align-center titulo-personalizado has-text-color has-large-font-size\" style=\"color:#fffffa; text-transform:none; font-size: 3em !important;\">\n    <mark style=\"background-color:rgba(0, 0, 0, 0);color:#273b7e\" class=\"has-inline-color\">\n        Palabras del <span style=\"color: #ad8411;\">Director<\/span>\n    <\/mark>\n<\/h1>\n<!-- L\u00ednea separadora con degradado -->\n<div class=\"separator-line-roja3\"><\/div><br>\n\n\n\n<div class=\"wp-block-columns is-layout-flex wp-container-core-columns-is-layout-28f84493 wp-block-columns-is-layout-flex\">\n<div class=\"wp-block-column is-layout-flow wp-block-column-is-layout-flow\" style=\"flex-basis:33.33%\">\n<figure class=\"wp-block-image aligncenter size-full is-resized\"><img loading=\"lazy\" decoding=\"async\" width=\"1559\" height=\"2242\" src=\"https:\/\/stlcc.gob.hn\/wp-content\/uploads\/2025\/09\/JUAN-MARTIN-HERNANDEZ.png\" alt=\"\" class=\"wp-image-9552\" style=\"width:300px\" srcset=\"https:\/\/stlcc.gob.hn\/wp-content\/uploads\/2025\/09\/JUAN-MARTIN-HERNANDEZ.png 1559w, https:\/\/stlcc.gob.hn\/wp-content\/uploads\/2025\/09\/JUAN-MARTIN-HERNANDEZ-209x300.png 209w, https:\/\/stlcc.gob.hn\/wp-content\/uploads\/2025\/09\/JUAN-MARTIN-HERNANDEZ-712x1024.png 712w\" sizes=\"auto, (max-width: 1559px) 100vw, 1559px\" \/><\/figure>\n\n\n\n<h4 class=\"wp-block-heading has-text-align-center has-text-color has-link-color has-medium-font-size wp-elements-611594a062d68e3d5e1b010693fbf01d\" style=\"color:#273b7e\"><strong>Abg. Juan Mart\u00edn Hern\u00e1ndez<\/strong><\/h4>\n<\/div>\n\n\n\n<div class=\"wp-block-column is-layout-flow wp-block-column-is-layout-flow\" style=\"flex-basis:66.66%\">\n<div class=\"reusable-content-box-legal\" >\n<p class=\"has-text-align-justify has-text-color has-link-color\" style=\"color:#949699; text-align: justify;\">\n    <span style=\"color: #949699\">La Direcci\u00f3n General de Modernizaci\u00f3n Administrativa lleva a cabo acciones concretas que buscan mejorar continuamente las Instituciones P\u00fablicas. La modernizaci\u00f3n es un factor esencial para lograr una administraci\u00f3n p\u00fablica m\u00e1s eficiente, accesible y transparente. El uso de herramientas e instrumentos adecuados facilita este proceso y constituye un paso fundamental para asegurar que los servicios p\u00fablicos se ajusten a las necesidades y expectativas de la ciudadan\u00eda.<br><br>\nA diario, se trabaja en la construcci\u00f3n de una pol\u00edtica p\u00fablica s\u00f3lida, que no solo se enfoca en gestionar la calidad y fomentar la innovaci\u00f3n, sino tambi\u00e9n en reducir la burocracia y simplificar los tr\u00e1mites. Esto no solo optimiza la eficiencia de las instituciones, sino que tambi\u00e9n asegura que los ciudadanos reciban servicios de mayor calidad en tiempos m\u00e1s cortos. Adem\u00e1s, fortalecer las capacidades de los gestores es crucial, ya que son ellos quienes implementar\u00e1n estos cambios de manera efectiva.<br><br>\nEl enfoque en crear instituciones modernas, innovadoras y centradas en el bienestar del ciudadano es, sin duda, el camino hacia un servicio p\u00fablico m\u00e1s cercano, accesible y eficiente.\n\n    <\/span>\n<\/p>\n<\/div>\n<\/div>\n<\/div>\n\n\n\n<div style=\"height:var(--wp--preset--spacing--x-large)\" aria-hidden=\"true\" class=\"wp-block-spacer\"><\/div>\n\n\n\n<h4 class=\"wp-block-heading has-text-align-center espaciador has-text-color has-link-color wp-elements-66e72b7c799966e1f31afcf157ff9e60\" id=\"inspiro-is-a-digital-product-agency-that-focuses-on-strategy-and-desig\" style=\"color:#273b7e;font-size:clamp(37.821px, 2.364rem + ((1vw - 3.2px) * 3.352), 70px);font-style:normal;font-weight:300\">Funciones<\/h4>\n\n\n\n<p style=\"color:#949699; font-size:25px;\"><strong>La Direcci\u00f3n General de Modernizaci\u00f3n Administrativa (DGMA) cuenta con cuatro\nfunciones principales de conformidad al Reglamento de Interno de la Secretar\u00eda de\nTransparencia y Lucha Contra la Corrupci\u00f3n (STLCC):<\/strong><\/p>\n<div class=\"reusable-content-box-legal\">\n    <p class=\"texto-justificado2\" style=\"color:#949699; text-align:justify;\">\n        <span class=\"letras-rojo\">\u2022<\/span> Dirigir, supervisar, evaluar las pol\u00edticas, planes, programas y proyectos de modernizaci\u00f3n y de simplificaci\u00f3n administrativa\nque ejecuten las dependencias gubernamentales con apego a las pol\u00edticas y estrategias que formule, en la materia, la STLCC.\n        <br><span class=\"letras-rojo\">\u2022<\/span> Apoyar en la creaci\u00f3n, desarrollo y fortalecimiento de unidades de modernizaci\u00f3n en cada dependencia gubernamental, y\nevaluar su funcionamiento.\n        <br><span class=\"letras-rojo\">\u2022<\/span> Uniformar criterios legales y t\u00e9cnicos en la materia para elevar la calidad de los procesos de modernizaci\u00f3n y de\nsimplificaci\u00f3n.\n        <br><span class=\"letras-rojo\">\u2022<\/span> Sistematizar la normativa vigente y proponer las modificaciones que procedan como resultado de las evaluaciones\nperi\u00f3dicas que realice.\n       \n    <\/p>\n<\/div>\n\n\n\n<div style=\"height:100px\" aria-hidden=\"true\" class=\"wp-block-spacer\"><\/div>\n\n\n\n<h4 class=\"wp-block-heading has-text-align-center espaciador has-text-color has-link-color\" id=\"inspiro-is-a-digital-product-agency-that-focuses-on-strategy-and-desig\" style=\"color:#273b7e;font-weight:300\">\n  <span style=\"font-size:60px;\">Marco <span style=\"color: #ad8411;\">Legal<\/span><\/span><br>\n<\/h4>\n\n\n\n<div style=\"height:var(--wp--preset--spacing--x-small)\" aria-hidden=\"true\" class=\"wp-block-spacer\"><\/div>\n\n\n\n<div class=\"reusable-content-box-legal\">\n    <p class=\"texto-justificado2\" style=\"color:#949699; text-align:justify;\">\n        <span class=\"letras-rojo\">1-<\/span> PCM-005-2022 Art\u00edculo 1, mediante el cual se crea la Secretar\u00eda de Transparencia y Lucha Contra la Corrupci\u00f3n (STLCC).\n        <br><span class=\"letras-rojo\">2-<\/span> PCM 023-2023 en su art\u00edculo 87-X. establece las competencias de las Direcciones de la Secretar\u00eda de Estado en el\n Despacho de Transparencia y Lucha Contra la Corrupci\u00f3n (STLCC), correspondiendo a la DGMA las siguientes: es la\n responsable de formular, dirigir, supervisar y evaluar las pol\u00edticas, planes, programas y proyectos de modernizaci\u00f3n y\n simplificaci\u00f3n administrativa que ejecutar\u00e1n las dependencias gubernamentales, formulados con las directrices de la\n Secretar\u00eda de Estado en el Despacho de Transparencia y Lucha Contra la Corrupci\u00f3n (STLCC).\n        <br><span class=\"letras-rojo\">3-<\/span> PCM 023-2023 en su art\u00edculo 87-X. establece las competencias de las Direcciones de la Secretar\u00eda de Estado en el\n Despacho de Transparencia y Lucha Contra la Corrupci\u00f3n (STLCC), correspondiendo a la DGMA las siguientes: es la\n responsable de formular, dirigir, supervisar y evaluar las pol\u00edticas, planes, programas y proyectos de modernizaci\u00f3n y\n simplificaci\u00f3n administrativa que ejecutar\u00e1n las dependencias gubernamentales, formulados con las directrices de la\n Secretar\u00eda de Estado en el Despacho de Transparencia y Lucha Contra la Corrupci\u00f3n (STLCC).\n               \n    <\/p>\n<\/div>\n\n\n\n<div style=\"height:var(--wp--preset--spacing--x-large)\" aria-hidden=\"true\" class=\"wp-block-spacer\"><\/div>\n\n\n\n<h4 class=\"wp-block-heading has-text-align-center espaciador has-text-color has-link-color\" id=\"inspiro-is-a-digital-product-agency-that-focuses-on-strategy-and-desig\" style=\"color:#273b7e;font-weight:300\">\n  <span style=\"font-size:60px;\">Unidades <span style=\"color: #ad8411;\">Administrativas<\/span><\/span><br>\n<\/h4>\n\n\n\n<div class=\"reusable-content-box-legal\">\n    <p class=\"texto-justificado2\" style=\"color:#949699; text-align:justify;\">\n        <span class=\"letras-rojo\">1-<\/span> La Unidad de Optimizaci\u00f3n de la Administraci\u00f3n, cuya funci\u00f3n es proponer\npol\u00edticas p\u00fablicas y metodolog\u00edas de modernizaci\u00f3n administrativa para que la\nAdministraci\u00f3n sea m\u00e1s transparente, eficiente, eficaz y efectiva.\n        <br><span class=\"letras-rojo\">2-<\/span> La Unidad de Innovaci\u00f3n y Calidad Gubernamental, cuya funci\u00f3n es desarrollar\nmetodolog\u00edas y t\u00e9cnicas que permitan agilizar los procesos y procedimientos y\ntornarlos menos onerosos en beneficio de los usuarios de los servicios p\u00fablicos.\n               \n    <\/p>\n<\/div>\n\n\n\n<div style=\"height:100px\" aria-hidden=\"true\" class=\"wp-block-spacer\"><\/div>\n\n\n\n<h4 class=\"wp-block-heading has-text-align-center espaciador has-text-color has-link-color\" id=\"inspiro-is-a-digital-product-agency-that-focuses-on-strategy-and-desig\" style=\"color:#273b7e;font-weight:300\">\n  <span style=\"font-size:60px;\">Informaci\u00f3n <span style=\"color: #ad8411;\">relevante<\/span><\/span><br>\n<\/h4>\n\n<p style=\"color:#949699; font-size:15px;\"><strong>Por mandato de la Presidenta Xiomara Castro de Zelaya, en cumplimiento del Plan\nBicentenario para la Refundaci\u00f3n de la Patria, para promover la Transparencia y Combatir\nla Corrupci\u00f3n, y teniendo como compromiso la Modernizaci\u00f3n del Estado, la Secretar\u00eda de\nTransparencia y Lucha Contra la Corrupci\u00f3n (STLCC) a trav\u00e9s de la Direcci\u00f3n General de\nModernizaci\u00f3n Administrativa (DGMA) ha llevado a cabo durante el 2024 las siguientes\nactividades:<\/strong><\/p>\n\n\n\n<p class=\"has-text-align-center has-text-color has-link-color has-large-font-size wp-elements-3fd31de21b4aba31e762531e6b406e17\" style=\"color:#273b7e\"><span class=\"letras-rojo\">1-<\/span> Talleres para Impulsar la Pol\u00edtica de Optimizaci\u00f3n de la Gesti\u00f3n P\u00fablica<\/p>\n\n\n\n<div class=\"reusable-content-box-legal\">\n    <p class=\"texto-justificado2\" style=\"color:#949699; text-align:justify;\">\nLos Talleres que impulsan la Pol\u00edtica de Optimizaci\u00f3n de la Gesti\u00f3n P\u00fablica (POGP); esta\nes una actividad formativa y pr\u00e1ctica dise\u00f1ada para facilitar la implementaci\u00f3n efectiva en\nlas instituciones de la administraci\u00f3n p\u00fablica. El taller tiene como prop\u00f3sito dotar a los\nparticipantes con los conocimientos, herramientas y estrategias necesarias para aplicar\nlos principios de la pol\u00edtica en sus procesos y operaciones diarias, mejorando la eficiencia,\ntransparencia y calidad del servicio p\u00fablico. <strong>De enero a julio del 2024, la Pol\u00edtica de\nOptimizaci\u00f3n de la Gesti\u00f3n P\u00fablica ha llegado a un total de 27 Instituciones de la\nAdministraci\u00f3n P\u00fablica.<\/strong>\n               \n    <\/p>\n<\/div>\n\n\n\n<p style=\"color:#949699; font-size:15px;\">La Pol\u00edtica de Optimizaci\u00f3n de la Gesti\u00f3n P\u00fablica (POGP) aporta un significativo valor\np\u00fablico en diversas \u00e1reas clave:<\/p>\n\n\n\n<div class=\"wp-block-buttons is-content-justification-center is-layout-flex wp-container-core-buttons-is-layout-a89b3969 wp-block-buttons-is-layout-flex\">\n<div class=\"wp-block-button popmake-1910 is-style-outline is-style-outline--1\"><a class=\"wp-block-button__link wp-element-button\">Ver m\u00e1s<\/a><\/div>\n<\/div>\n\n\n\n<div style=\"height:var(--wp--preset--spacing--medium)\" aria-hidden=\"true\" class=\"wp-block-spacer\"><\/div>\n\n\n\n<p class=\"has-text-align-center has-text-color has-link-color has-large-font-size wp-elements-593629ae94eb3ffc5cd920389548d78b\" style=\"color:#273b7e\">                     <span class=\"letras-rojo\">2-<\/span> Talleres para Impulsar Metodolog\u00edas de Modernizaci\u00f3n en la Administraci\u00f3n P\u00fablica<\/p>\n\n\n\n<div class=\"reusable-content-box-legal\">\n    <p class=\"texto-justificado2\" style=\"color:#949699; text-align:justify;\">\nLos Talleres para \u201cImpulsar Metodolog\u00edas de Modernizaci\u00f3n en la Administraci\u00f3n P\u00fablica\u201d\ntiene como objetivo principal proporcionar a los participantes las herramientas y\nconocimientos necesarios para implementar metodolog\u00edas avanzadas que optimicen la\ngesti\u00f3n p\u00fablica. Esta actividad est\u00e1 dise\u00f1ada para fortalecer las capacidades de los\nfuncionarios p\u00fablicos y l\u00edderes de instituciones de la administraci\u00f3n p\u00fablica, promoviendo\nuna administraci\u00f3n m\u00e1s eficiente, transparente y orientada a resultados.\nAs\u00ed mismo, promueve la estandarizaci\u00f3n y optimizaci\u00f3n de los procesos administrativos\npara que estos sean eficientes y accesibles, minimizando costos y maximizando el\nimpacto positivo en el desarrollo nacional.\n<strong>A julio de 2024 se ha capacitado a 57 Instituciones de la Administraci\u00f3n P\u00fablica\nsobre las Metodolog\u00edas de Modernizaci\u00f3n.<\/strong>\n               \n    <\/p>\n<\/div>\n\n\n\n<p style=\"color:#949699; font-size:15px;\">Las metodolog\u00edas de modernizaci\u00f3n en la administraci\u00f3n p\u00fablica aportan un valor p\u00fablico\nsignificativo en varios aspectos clave:<\/p>\n\n\n\n<div class=\"wp-block-buttons is-content-justification-center is-layout-flex wp-container-core-buttons-is-layout-a89b3969 wp-block-buttons-is-layout-flex\">\n<div class=\"wp-block-button popmake-1913 is-style-outline is-style-outline--2\"><a class=\"wp-block-button__link wp-element-button\">Ver m\u00e1s<\/a><\/div>\n<\/div>\n\n\n\n<div style=\"height:var(--wp--preset--spacing--medium)\" aria-hidden=\"true\" class=\"wp-block-spacer\"><\/div>\n\n\n\n<p class=\"has-text-align-center has-text-color has-link-color has-large-font-size wp-elements-4f3a3cf1fe409ca3bca08c114c24043e\" style=\"color:#273b7e\">                                <span class=\"letras-rojo\">3-<\/span> Taller para Impulsar las Metodolog\u00edas de Innovaci\u00f3n y Calidad en la Administraci\u00f3n P\u00fablica<\/p>\n\n\n\n<div class=\"reusable-content-box-legal\">\n    <p class=\"texto-justificado2\" style=\"color:#949699; text-align:justify;\">\nEste taller est\u00e1 dise\u00f1ado para fomentar la adopci\u00f3n y aplicaci\u00f3n de metodolog\u00edas de\ninnovaci\u00f3n y calidad en la administraci\u00f3n p\u00fablica. Los participantes aprender\u00e1n\nestrategias y herramientas para mejorar la eficiencia y eficacia interna que permita elevar\nlos est\u00e1ndares de las instituciones y ofrecer un mejor servicio a la ciudadan\u00eda. impulsando\nuna cultura de calidad, innovaci\u00f3n p\u00fablica y eficiencia administrativa; promoviendo la\ntransparencia y mejora continua en la administraci\u00f3n p\u00fablica de Honduras.\n<strong>A la fecha se ha capacitado a 26 Instituciones de la Administraci\u00f3n P\u00fablica en\nMetodolog\u00edas de Innovaci\u00f3n y Calidad en la Gesti\u00f3n P\u00fablica.\n<\/strong>\n               \n    <\/p>\n<\/div>\n\n\n\n<p style=\"color:#949699; font-size:15px;\">La implementaci\u00f3n de las metodolog\u00edas y herramientas de Innovaci\u00f3n y Calidad fortalecen\nla Transparencia y la Prevenci\u00f3n de la Corrupci\u00f3n ya que:<\/p>\n\n\n\n<div class=\"wp-block-buttons is-content-justification-center is-layout-flex wp-container-core-buttons-is-layout-a89b3969 wp-block-buttons-is-layout-flex\">\n<div class=\"wp-block-button popmake-1916 is-style-outline is-style-outline--3\"><a class=\"wp-block-button__link wp-element-button\">Ver m\u00e1s<\/a><\/div>\n<\/div>\n\n\n\n<div style=\"height:var(--wp--preset--spacing--medium)\" aria-hidden=\"true\" class=\"wp-block-spacer\"><\/div>\n\n\n\n<p class=\"has-text-align-center has-text-color has-link-color has-large-font-size wp-elements-caade6f0a51b1e933f0b95e52c08f632\" style=\"color:#273b7e\"><span class=\"letras-rojo\">4-<\/span> Giras Nacionales: Impulsando la Pol\u00edtica de Optimizaci\u00f3n de la Gesti\u00f3n P\u00fablica (POGP) y creaci\u00f3n de Unidades de Modernizaci\u00f3n (UDEM) en las Alcald\u00edas Municipales para el pilotaje 2025<\/p>\n\n\n\n<div class=\"reusable-content-box-legal\">\n    <p class=\"texto-justificado2\" style=\"color:#949699; text-align:justify;\">\nLa implementaci\u00f3n de la Pol\u00edtica de Optimizaci\u00f3n de la Gesti\u00f3n P\u00fablica y las Unidades de\nModernizaci\u00f3n en las Alcald\u00edas Municipales fortalece el acceso a la Informaci\u00f3n, y a\ntrav\u00e9s de las UDEM se asegura un monitoreo continuo de las pr\u00e1cticas y procedimientos,\naumentando la rendici\u00f3n de cuentas y la capacidad de identificar y corregir\nirregularidades, optimizando y dinamizando todos los procesos y las estructuras\norganizacionales.\nEsta actividad se centra en la implementaci\u00f3n de un programa integral para mejorar la\neficiencia y modernidad en la gesti\u00f3n p\u00fablica a nivel municipal; optimizando los procesos\nadministrativos y operativos dentro de las alcald\u00edas municipales para lograr una gesti\u00f3n\nm\u00e1s eficiente y transparente, mediante unidades especializadas dentro de las alcald\u00edas\nmunicipales, para liderar el proceso de modernizaci\u00f3n y asegurarse de que las iniciativas\nse implementen de manera efectiva.\n<strong>A la fecha la DGMA ha impulsado la Pol\u00edtica de Optimizaci\u00f3n de la Gesti\u00f3n P\u00fablica\n(POGP) y la creaci\u00f3n de las Unidades de Modernizaci\u00f3n (UDEM) en 12 Alcald\u00edas\nMunicipales y 4 Mancomunidades.\n<\/strong>\n               \n    <\/p>\n<\/div>\n\n\n\n<p style=\"color:#949699; font-size:15px;\">La Modernizaci\u00f3n en los Gobiernos Locales, en relaci\u00f3n a la Transparencia y la\nPrevenci\u00f3n de la Corrupci\u00f3n, aporta:<\/p>\n\n\n\n<div class=\"wp-block-buttons is-content-justification-center is-layout-flex wp-container-core-buttons-is-layout-a89b3969 wp-block-buttons-is-layout-flex\">\n<div class=\"wp-block-button popmake-1918 is-style-outline is-style-outline--4\"><a class=\"wp-block-button__link wp-element-button\">Ver m\u00e1s<\/a><\/div>\n<\/div>\n\n\n\n<div style=\"height:var(--wp--preset--spacing--medium)\" aria-hidden=\"true\" class=\"wp-block-spacer\"><\/div>\n\n\n\n<p class=\"has-text-align-center has-text-color has-link-color has-large-font-size wp-elements-27a41df61e9594be374f02a83e0ef8ed\" style=\"color:#273b7e\"><span class=\"letras-rojo\">5-<\/span> Asistencias T\u00e9cnicas para la creaci\u00f3n de Unidades de Modernizaci\u00f3n (UDEM)<\/p>\n\n\n\n<div class=\"reusable-content-box-legal\">\n    <p class=\"texto-justificado2\" style=\"color:#949699; text-align:justify;\">\nImpulsar el establecimiento de las Unidades de Modernizaci\u00f3n en todas las instituciones\nde la administraci\u00f3n p\u00fablica, para transformar la gesti\u00f3n p\u00fablica mediante la\nimplementaci\u00f3n de procesos innovadores y eficientes. Este enfoque garantizar\u00e1 que los\nciudadanos hondure\u00f1os reciban servicios de alta calidad de manera equitativa,\noptimizando costos y recursos, y fomentando el progreso y la transparencia en el\ndesarrollo nacional. <br>\nLa actividad se centra en la implementaci\u00f3n y regulaci\u00f3n de las Unidades de\nModernizaci\u00f3n (UDEM) dentro de las instituciones p\u00fablicas, conforme a la normativa\nvigente. En primer lugar, se busca impulsar la creaci\u00f3n de las UDEM siguiendo el art\u00edculo\n39 del Reglamento de Organizaci\u00f3n, Funcionamiento y Competencias del Poder Ejecutivo\ny el art\u00edculo 317 del Decreto 62-2023 del Presupuesto General de Ingresos y Egresos de\nla Rep\u00fablica, Ejercicio Fiscal 2024.\n               \n    <\/p>\n<\/div>\n\n\n\n<div class=\"wp-block-buttons is-content-justification-center is-layout-flex wp-container-core-buttons-is-layout-a89b3969 wp-block-buttons-is-layout-flex\">\n<div class=\"wp-block-button popmake-1920 is-style-outline is-style-outline--5\"><a class=\"wp-block-button__link wp-element-button\">Ver m\u00e1s<\/a><\/div>\n<\/div>\n\n\n\n<div style=\"height:var(--wp--preset--spacing--medium)\" aria-hidden=\"true\" class=\"wp-block-spacer\"><\/div>\n\n\n\n<p class=\"has-text-align-center has-text-color has-link-color has-large-font-size wp-elements-bb6f610a5f1805df6fc0d447e53726dd\" style=\"color:#273b7e\"><span class=\"letras-rojo\">6-<\/span> Charlas Virtuales Sobre Modernizaci\u00f3n para enlaces institucionales<\/p>\n\n\n\n<div class=\"reusable-content-box-legal\">\n    <p class=\"texto-justificado2\" style=\"color:#949699; text-align:justify;\">\nLas &quot;Charlas Virtuales Sobre Modernizaci\u00f3n para Enlaces Institucionales&quot; son sesiones\nen dise\u00f1adas para capacitar y actualizar a los enlaces institucionales en temas clave\nrelacionados con la modernizaci\u00f3n de la gesti\u00f3n p\u00fablica. Estas charlas se centran en proporcionar conocimientos y herramientas sobre c\u00f3mo implementar pr\u00e1cticas modernas\ny eficientes en la administraci\u00f3n p\u00fablica.\n               \n    <\/p>\n<\/div>\n\n\n\n<div class=\"wp-block-buttons is-content-justification-center is-layout-flex wp-container-core-buttons-is-layout-a89b3969 wp-block-buttons-is-layout-flex\">\n<div class=\"wp-block-button popmake-1922 is-style-outline is-style-outline--6\"><a class=\"wp-block-button__link wp-element-button\">Ver m\u00e1s<\/a><\/div>\n<\/div>\n\n\n\n<div style=\"height:var(--wp--preset--spacing--x-large)\" aria-hidden=\"true\" class=\"wp-block-spacer\"><\/div>\n<\/div><\/div>\n\n\n\n<p><\/p>\n","protected":false},"excerpt":{"rendered":"","protected":false},"author":1,"featured_media":0,"parent":0,"menu_order":0,"comment_status":"closed","ping_status":"closed","template":"","meta":{"_bbp_topic_count":0,"_bbp_reply_count":0,"_bbp_total_topic_count":0,"_bbp_total_reply_count":0,"_bbp_voice_count":0,"_bbp_anonymous_reply_count":0,"_bbp_topic_count_hidden":0,"_bbp_reply_count_hidden":0,"_bbp_forum_subforum_count":0,"footnotes":""},"class_list":["post-1855","page","type-page","status-publish","hentry"],"_links":{"self":[{"href":"https:\/\/stlcc.gob.hn\/index.php?rest_route=\/wp\/v2\/pages\/1855","targetHints":{"allow":["GET"]}}],"collection":[{"href":"https:\/\/stlcc.gob.hn\/index.php?rest_route=\/wp\/v2\/pages"}],"about":[{"href":"https:\/\/stlcc.gob.hn\/index.php?rest_route=\/wp\/v2\/types\/page"}],"author":[{"embeddable":true,"href":"https:\/\/stlcc.gob.hn\/index.php?rest_route=\/wp\/v2\/users\/1"}],"replies":[{"embeddable":true,"href":"https:\/\/stlcc.gob.hn\/index.php?rest_route=%2Fwp%2Fv2%2Fcomments&post=1855"}],"version-history":[{"count":57,"href":"https:\/\/stlcc.gob.hn\/index.php?rest_route=\/wp\/v2\/pages\/1855\/revisions"}],"predecessor-version":[{"id":9847,"href":"https:\/\/stlcc.gob.hn\/index.php?rest_route=\/wp\/v2\/pages\/1855\/revisions\/9847"}],"wp:attachment":[{"href":"https:\/\/stlcc.gob.hn\/index.php?rest_route=%2Fwp%2Fv2%2Fmedia&parent=1855"}],"curies":[{"name":"wp","href":"https:\/\/api.w.org\/{rel}","templated":true}]}}