{"id":1930,"date":"2024-09-17T23:30:25","date_gmt":"2024-09-17T23:30:25","guid":{"rendered":"https:\/\/stlcc.gob.hn\/?page_id=1930"},"modified":"2026-02-10T15:30:49","modified_gmt":"2026-02-10T15:30:49","slug":"liquidacion-de-transferencias","status":"publish","type":"page","link":"https:\/\/stlcc.gob.hn\/?page_id=1930","title":{"rendered":"Liquidacion de Transferencias"},"content":{"rendered":"\n<div class=\"wp-block-cover alignfull is-light is-position-center-center\" style=\"border-radius:0px\"><img loading=\"lazy\" decoding=\"async\" width=\"1922\" height=\"2560\" class=\"wp-block-cover__image-background wp-image-1211\" alt=\"\" src=\"https:\/\/stlcc.gob.hn\/wp-content\/uploads\/2024\/09\/Sin-titulo-17-01.jpg\" data-object-fit=\"cover\" srcset=\"https:\/\/stlcc.gob.hn\/wp-content\/uploads\/2024\/09\/Sin-titulo-17-01.jpg 1922w, https:\/\/stlcc.gob.hn\/wp-content\/uploads\/2024\/09\/Sin-titulo-17-01-225x300.jpg 225w, https:\/\/stlcc.gob.hn\/wp-content\/uploads\/2024\/09\/Sin-titulo-17-01-769x1024.jpg 769w\" sizes=\"auto, (max-width: 1922px) 100vw, 1922px\" \/><span aria-hidden=\"true\" class=\"wp-block-cover__background has-black-background-color has-background-dim-0 has-background-dim\"><\/span><div class=\"wp-block-cover__inner-container is-layout-flow wp-block-cover-is-layout-flow\">\n<div style=\"height:100px\" aria-hidden=\"true\" class=\"wp-block-spacer\"><\/div>\n\n\n\n<h1 class=\"wp-block-heading has-text-align-center titulo-personalizado has-text-color has-large-font-size\" style=\"color:#fffffa; text-transform:none; font-size: 3em !important;\">\n    <mark style=\"background-color:rgba(0, 0, 0, 0);color:#273b7e\" class=\"has-inline-color\">\n        Liquidaci\u00f3n de Transferencias\n    <\/mark>\n<\/h1>\n<!-- L\u00ednea separadora con degradado -->\n<div class=\"separator-line-roja3\"><\/div><br>\n\n\n\n<div style=\"height:var(--wp--preset--spacing--x-small)\" aria-hidden=\"true\" class=\"wp-block-spacer\"><\/div>\n\n\n\n<div class=\"reusable-content-box-legal\">\n<p class=\"has-text-align-center has-text-color has-link-color\" style=\"color:#949699\"><span style=\"color: #949699\">Con base en lo establecido en las DGP vigente, DECRETO No. 62-2023 DEL PRESUPUESTO GENERAL DE INGRESOS Y EGRESOS DE LA REP\u00daBLICA Y SUS DISPOSICIONES GENERALES, EJERCICIO FISCAL 2024, seg\u00fan el ART\u00cdCULO 195.- Las instituciones del Estado deben publicar en su p\u00e1gina WEB, a trav\u00e9s de las Gerencias Administrativas, las liquidaciones que presenten las instituciones beneficiadas de las transferencias consignadas en los presupuestos, previo a realizar un nuevo desembolso.\n<\/p>\n<\/div>\n\n\n<div id=\"filebird-document-library\"><div class=\"njt-fbdl\" data-json=\"{&quot;request&quot;:{&quot;pagination&quot;:{&quot;current&quot;:1,&quot;limit&quot;:7},&quot;search&quot;:&quot;&quot;,&quot;orderBy&quot;:&quot;post_title&quot;,&quot;orderType&quot;:&quot;DESC&quot;,&quot;selectedFolder&quot;:[&quot;MovU1p3GAfY8q1qFREFqoA==&quot;]},&quot;title&quot;:&quot;2025&quot;,&quot;column&quot;:3,&quot;layout&quot;:&quot;grid&quot;}\"><\/div><\/div>\n\n\n<div id=\"filebird-document-library\"><div class=\"njt-fbdl\" data-json=\"{&quot;request&quot;:{&quot;pagination&quot;:{&quot;current&quot;:1,&quot;limit&quot;:6},&quot;search&quot;:&quot;&quot;,&quot;orderBy&quot;:&quot;post_title&quot;,&quot;orderType&quot;:&quot;DESC&quot;,&quot;selectedFolder&quot;:[&quot;tIFTrWloS+r\\\/OKy3\\\/RYmUw==&quot;]},&quot;title&quot;:&quot;2024&quot;,&quot;column&quot;:3,&quot;layout&quot;:&quot;grid&quot;}\"><\/div><\/div>\n\n\n\n<h2 class=\"wp-block-heading has-text-color has-link-color wp-elements-2b88faa26c9de1785d984fcd9513ab8e\" style=\"color:#273b7e\">2023<\/h2>\n\n\n\n<div class=\"wp-block-columns alignwide is-layout-flex wp-container-core-columns-is-layout-28f84493 wp-block-columns-is-layout-flex\">\n<div class=\"wp-block-column is-layout-flow wp-block-column-is-layout-flow\">\n<figure class=\"wp-block-image aligncenter size-full is-resized\"><a href=\"https:\/\/stlcc.gob.hn\/wp-content\/uploads\/2024\/09\/Liquidacion-presupuestaria-de-Diciembre-2023.pdf\" target=\"_blank\" rel=\"noreferrer noopener\"><img loading=\"lazy\" decoding=\"async\" width=\"297\" height=\"199\" src=\"https:\/\/stlcc.gob.hn\/wp-content\/uploads\/2024\/09\/Recurso-36LIQUIDACION-PRESUPUESTARIA-DE-DICIEMBRE-2023.png\" alt=\"\" class=\"wp-image-7047\" style=\"width:240px\"\/><\/a><\/figure>\n\n\n\n<p class=\"has-black-color has-text-color has-medium-font-size\"><\/p>\n<\/div>\n\n\n\n<div class=\"wp-block-column is-layout-flow wp-block-column-is-layout-flow\">\n<figure class=\"wp-block-image aligncenter size-full is-resized\"><a href=\"https:\/\/stlcc.gob.hn\/wp-content\/uploads\/2024\/09\/INFORME-DE-LIQUIDACION-2023.pdf\" target=\"_blank\" rel=\"noreferrer noopener\"><img loading=\"lazy\" decoding=\"async\" width=\"297\" height=\"198\" src=\"https:\/\/stlcc.gob.hn\/wp-content\/uploads\/2024\/09\/Recurso-34INFORME-DE-LIQUIDACION-ANO-2023.png\" alt=\"\" class=\"wp-image-7049\" style=\"width:240px\"\/><\/a><\/figure>\n\n\n\n<p class=\"has-black-color has-text-color has-medium-font-size\"><\/p>\n<\/div>\n\n\n\n<div class=\"wp-block-column is-layout-flow wp-block-column-is-layout-flow\">\n<figure class=\"wp-block-image aligncenter size-full is-resized\"><a href=\"https:\/\/stlcc.gob.hn\/wp-content\/uploads\/2024\/09\/Ejecucion-de-gastos-2023.pdf\" target=\"_blank\" rel=\"noreferrer noopener\"><img loading=\"lazy\" decoding=\"async\" width=\"297\" height=\"199\" src=\"https:\/\/stlcc.gob.hn\/wp-content\/uploads\/2024\/09\/Recurso-33EJECUCION-DE-GASTOS-2023.png\" alt=\"\" class=\"wp-image-7051\" style=\"width:240px\"\/><\/a><\/figure>\n\n\n\n<p class=\"has-black-color has-text-color has-medium-font-size\"><\/p>\n<\/div>\n\n\n\n<div class=\"wp-block-column is-layout-flow wp-block-column-is-layout-flow\">\n<figure class=\"wp-block-image aligncenter size-full is-resized\"><a href=\"https:\/\/stlcc.gob.hn\/wp-content\/uploads\/2024\/09\/Decreto-No.-7-2005-Ley-del-CNA.pdf\" target=\"_blank\" rel=\"noreferrer noopener\"><img loading=\"lazy\" decoding=\"async\" width=\"297\" height=\"199\" src=\"https:\/\/stlcc.gob.hn\/wp-content\/uploads\/2024\/09\/Recurso-32DECRETO-NO-7-2005-LEY-DEL-CNA.png\" alt=\"\" class=\"wp-image-7052\" style=\"width:240px\"\/><\/a><\/figure>\n\n\n\n<p class=\"has-black-color has-text-color has-medium-font-size\"><\/p>\n<\/div>\n\n\n\n<div class=\"wp-block-column is-layout-flow wp-block-column-is-layout-flow\">\n<figure class=\"wp-block-image aligncenter size-full is-resized\"><a href=\"https:\/\/stlcc.gob.hn\/wp-content\/uploads\/2024\/09\/Informe-Gestion-Anual-2023.pdf\" target=\"_blank\" rel=\"noreferrer noopener\"><img loading=\"lazy\" decoding=\"async\" width=\"297\" height=\"199\" src=\"https:\/\/stlcc.gob.hn\/wp-content\/uploads\/2024\/09\/Recurso-35INFORME-GESTION-ANUAL-2023.png\" alt=\"\" class=\"wp-image-7050\" style=\"width:240px\"\/><\/a><\/figure>\n\n\n\n<p class=\"has-black-color has-text-color has-medium-font-size\"><\/p>\n<\/div>\n<\/div>\n\n\n\n<h2 class=\"wp-block-heading has-text-color has-link-color wp-elements-84e6b8bdea441501fb12ec0a8fa25963\" style=\"color:#273b7e\">2022<\/h2>\n\n\n\n<div class=\"wp-block-columns alignwide is-layout-flex wp-container-core-columns-is-layout-28f84493 wp-block-columns-is-layout-flex\">\n<div class=\"wp-block-column is-layout-flow wp-block-column-is-layout-flow\">\n<figure class=\"wp-block-image size-full is-resized\"><a href=\"https:\/\/stlcc.gob.hn\/wp-content\/uploads\/2024\/09\/1.-Informe-de-Transferencias-de-Fondos-Realizadas-al-CNA-2022.pdf\" target=\"_blank\" rel=\"noreferrer noopener\"><img loading=\"lazy\" decoding=\"async\" width=\"297\" height=\"199\" src=\"https:\/\/stlcc.gob.hn\/wp-content\/uploads\/2024\/09\/Recurso-37Informe-de-las-transferencias-de-fondos-realizados-al-CNA-ano-2022.png\" alt=\"\" class=\"wp-image-7039\" style=\"width:240px\"\/><\/a><\/figure>\n\n\n\n<p class=\"has-black-color has-text-color has-medium-font-size\"><\/p>\n<\/div>\n\n\n\n<div class=\"wp-block-column is-layout-flow wp-block-column-is-layout-flow\">\n<figure class=\"wp-block-image size-full is-resized\"><a href=\"https:\/\/stlcc.gob.hn\/wp-content\/uploads\/2024\/09\/2.-Reporte-de-Ejecucion-por-Rubro-2022.pdf\" target=\"_blank\" rel=\"noreferrer noopener\"><img loading=\"lazy\" decoding=\"async\" width=\"297\" height=\"199\" src=\"https:\/\/stlcc.gob.hn\/wp-content\/uploads\/2024\/09\/Recurso-38Ejecucion-de-gastos-por-rubro-ano-2022.png\" alt=\"\" class=\"wp-image-7040\" style=\"width:240px\"\/><\/a><\/figure>\n\n\n\n<p class=\"has-black-color has-text-color has-medium-font-size\"><\/p>\n<\/div>\n\n\n\n<div class=\"wp-block-column is-layout-flow wp-block-column-is-layout-flow\">\n<figure class=\"wp-block-image size-full is-resized\"><a href=\"https:\/\/stlcc.gob.hn\/wp-content\/uploads\/2024\/09\/3.-Reporte-Ejecutivo-por-Rubro-1-de-enero-al-25-de-noviembre-2022.pdf\" target=\"_blank\" rel=\"noreferrer noopener\"><img loading=\"lazy\" decoding=\"async\" width=\"297\" height=\"199\" src=\"https:\/\/stlcc.gob.hn\/wp-content\/uploads\/2024\/09\/Recurso-39Reporte-de-ejecucion-por-rubro-del-1-de-enero-al-25-de-noviembre-del-ano-2022.png\" alt=\"\" class=\"wp-image-7041\" style=\"width:240px\"\/><\/a><\/figure>\n\n\n\n<p class=\"has-black-color has-text-color has-medium-font-size\"><\/p>\n<\/div>\n\n\n\n<div class=\"wp-block-column is-layout-flow wp-block-column-is-layout-flow\">\n<figure class=\"wp-block-image size-full is-resized\"><a href=\"https:\/\/stlcc.gob.hn\/wp-content\/uploads\/2024\/09\/4.-Resumen-del-Informe-de-Gestion-Anual-2022.pdf\" target=\"_blank\" rel=\"noreferrer noopener\"><img loading=\"lazy\" decoding=\"async\" width=\"297\" height=\"199\" src=\"https:\/\/stlcc.gob.hn\/wp-content\/uploads\/2024\/09\/Recurso-40Resumen-del-informe-de-gestion-anual-ano-2022.png\" alt=\"\" class=\"wp-image-7042\" style=\"width:240px\"\/><\/a><\/figure>\n\n\n\n<p class=\"has-black-color has-text-color has-medium-font-size\"><\/p>\n<\/div>\n<\/div>\n\n\n\n<p><\/p>\n<\/div><\/div>\n","protected":false},"excerpt":{"rendered":"","protected":false},"author":1,"featured_media":0,"parent":0,"menu_order":0,"comment_status":"closed","ping_status":"closed","template":"","meta":{"_bbp_topic_count":0,"_bbp_reply_count":0,"_bbp_total_topic_count":0,"_bbp_total_reply_count":0,"_bbp_voice_count":0,"_bbp_anonymous_reply_count":0,"_bbp_topic_count_hidden":0,"_bbp_reply_count_hidden":0,"_bbp_forum_subforum_count":0,"footnotes":""},"class_list":["post-1930","page","type-page","status-publish","hentry"],"_links":{"self":[{"href":"https:\/\/stlcc.gob.hn\/index.php?rest_route=\/wp\/v2\/pages\/1930","targetHints":{"allow":["GET"]}}],"collection":[{"href":"https:\/\/stlcc.gob.hn\/index.php?rest_route=\/wp\/v2\/pages"}],"about":[{"href":"https:\/\/stlcc.gob.hn\/index.php?rest_route=\/wp\/v2\/types\/page"}],"author":[{"embeddable":true,"href":"https:\/\/stlcc.gob.hn\/index.php?rest_route=\/wp\/v2\/users\/1"}],"replies":[{"embeddable":true,"href":"https:\/\/stlcc.gob.hn\/index.php?rest_route=%2Fwp%2Fv2%2Fcomments&post=1930"}],"version-history":[{"count":18,"href":"https:\/\/stlcc.gob.hn\/index.php?rest_route=\/wp\/v2\/pages\/1930\/revisions"}],"predecessor-version":[{"id":9825,"href":"https:\/\/stlcc.gob.hn\/index.php?rest_route=\/wp\/v2\/pages\/1930\/revisions\/9825"}],"wp:attachment":[{"href":"https:\/\/stlcc.gob.hn\/index.php?rest_route=%2Fwp%2Fv2%2Fmedia&parent=1930"}],"curies":[{"name":"wp","href":"https:\/\/api.w.org\/{rel}","templated":true}]}}