{"id":1968,"date":"2024-09-18T03:41:27","date_gmt":"2024-09-18T03:41:27","guid":{"rendered":"https:\/\/stlcc.gob.hn\/?page_id=1968"},"modified":"2024-09-18T03:41:27","modified_gmt":"2024-09-18T03:41:27","slug":"encuesta-de-satisfaccion","status":"publish","type":"page","link":"https:\/\/stlcc.gob.hn\/?page_id=1968","title":{"rendered":"Encuesta de Satisfacci\u00f3n"},"content":{"rendered":"<script>\n                            if (window.qmn_quiz_data === undefined) {\n                                    window.qmn_quiz_data = new Object();\n                            }\n                    <\/script><script>window.qmn_quiz_data[\"1\"] = {\"quiz_id\":\"1\",\"quiz_name\":\"Encuesta de Satisfacci\\u00f3n\",\"disable_answer\":0,\"ajax_show_correct\":0,\"progress_bar\":\"0\",\"contact_info_location\":0,\"qpages\":{\"2\":{\"id\":\"2\",\"quizID\":\"1\",\"pagekey\":\"WOWfAnhY\",\"hide_prevbtn\":\"0\"}},\"skip_validation_time_expire\":0,\"timer_limit_val\":0,\"disable_scroll_next_previous_click\":0,\"disable_first_page\":\"0\",\"enable_result_after_timer_end\":0,\"enable_quick_result_mc\":0,\"end_quiz_if_wrong\":0,\"form_disable_autofill\":0,\"disable_mathjax\":0,\"enable_quick_correct_answer_info\":0,\"quick_result_correct_answer_text\":\"Correct! You have selected correct answer.\",\"quick_result_wrong_answer_text\":\"Wrong! You have selected wrong answer.\",\"quiz_processing_message\":\"\",\"quiz_limit_choice\":\"Se alcanza el l\\u00edmite de elecci\\u00f3n.\",\"not_allow_after_expired_time\":0,\"scheduled_time_end\":false,\"error_messages\":{\"email_error_text\":\"\\u00a1Correo electr\\u00f3nico no v\\u00e1lido!\",\"number_error_text\":\"\\u00a1Este campo debe ser num\\u00e9rico!\",\"incorrect_error_text\":\"\\u00a1El texto introducido no es correcto!\",\"empty_error_text\":\"\\u00a1Por favor completa todos los campos requeridos!\",\"url_error_text\":\"The entered URL is not valid!\",\"minlength_error_text\":\"Required atleast %minlength% characters.\",\"maxlength_error_text\":\"Maximum %maxlength% characters allowed.\",\"recaptcha_error_text\":\"ReCaptcha is missing\"},\"first_page\":false}\n                    <\/script><div class='qsm-quiz-container qsm-quiz-container-1 qmn_quiz_container mlw_qmn_quiz  quiz_theme_default  '>\n\t\t\t\t\t<form name=\"quizForm1\" id=\"quizForm1\" action=\"\/index.php?rest_route=%2Fwp%2Fv2%2Fpages%2F1968\" method=\"POST\" class=\"qsm-quiz-form qmn_quiz_form mlw_quiz_form\" novalidate enctype=\"multipart\/form-data\">\n\t\t\t\t<input type=\"hidden\" name=\"qsm_hidden_questions\" id=\"qsm_hidden_questions\" value=\"\">\n\t\t\t\t<input type=\"hidden\" name=\"qsm_nonce\" id=\"qsm_nonce_1\" value=\"b0d77c5a23\">\n\t\t\t\t<input type=\"hidden\" name=\"qsm_unique_key\" id=\"qsm_unique_key_1\" value=\"69d7b11d0ceb8\">\n\t\t\t\t<div id=\"mlw_error_message\" class=\"qsm-error-message qmn_error_message_section\"><\/div>\n\t\t\t\t<span id=\"mlw_top_of_quiz\"><\/span>\n\t\t\t\t\t\t\t<section class=\"qsm-page \">\n\t\t\t\t\t\t\t\t<div class=\"quiz_section quiz_begin\">\n\t\t\t\t\t\t<div class='qsm-before-message mlw_qmn_message_before'>\n\t\t\t\t<h1 class=\"wp-block-heading has-text-align-center titulo-personalizado has-text-color has-large-font-size\" style=\"color: #fffffa;text-transform: none;font-size: 3em !important\"><span style=\"color: #273b7e;font-size: 50px\">Bienvenido a Encuesta de Satisfacci\u00f3n<\/span><\/h1>\n<p><span style=\"font-size: 50px\"><!-- L\u00ednea separadora con degradado --><\/span><\/p>\n<div class=\"separator-line-roja3\"><\/div>\n<p>&nbsp;<\/p>\n<div id=\"gtx-trans\" style=\"position: absolute;left: -4px;top: 12.95px\">\n<div class=\"gtx-trans-icon\"><\/div>\n<\/div>\n\t\t\t\t\t\t<\/div>\n\t\t\t\t\t\t\t\t\t<\/div>\n\t\t\t\t\t\t\t\t\t<div class=\"quiz_section qsm-question-wrapper question-type-0 question-section-id-1 \" data-qid=\"1\">\n\t\t\t\t\t\t<div class='mlw_qmn_new_question'>\u00bfEncontraste la informaci\u00f3n que buscabas? <\/div>\n\t\t\t<div class='mlw_qmn_question  qsm_remove_bold' >\n\t\t<p><\/p>\n\t<\/div>\n\t\t<fieldset>\n\t\t<legend><\/legend>\n\t<div class='qmn_radio_answers mlwRequiredRadio'>\n\t\t\t\t\t\t\t\t<div class=\"qmn_mc_answer_wrap  mrq_checkbox_class\" id=\"question1-1 \">\n\t\t\t\t\t\t\t\t\t\t\t<input type='radio' class='qmn_quiz_radio qmn-multiple-choice-input ' name=\"question1\" id=\"question1_1\" value=\"0\" \/>\n\t\t\t\t\t<label class=\"qsm-input-label\" for=\"question1_1\">\n\t\t\t\t\tSi\t\t\t\t\t<\/label>\n\t\t\t\t\t \t\t\t\t<\/div>\n\t\t\t\t\t\t\t\t\t\t\t<div class=\"qmn_mc_answer_wrap  mrq_checkbox_class\" id=\"question1-2 \">\n\t\t\t\t\t\t\t\t\t\t\t<input type='radio' class='qmn_quiz_radio qmn-multiple-choice-input ' name=\"question1\" id=\"question1_2\" value=\"1\" \/>\n\t\t\t\t\t<label class=\"qsm-input-label\" for=\"question1_2\">\n\t\t\t\t\tNo\t\t\t\t\t<\/label>\n\t\t\t\t\t \t\t\t\t<\/div>\n\t\t\t\t\t \t\t\t<label style=\"display: none !important;\" for=\"question1_none\">Ninguna<\/label>\n\t\t\t<input type=\"radio\" style=\"display: none;\" name=\"question1\" id=\"question1_none\" checked=\"checked\" value=\"\" \/>\n\t\t\t\t<\/div>\n\t<\/fieldset>\n\t\t\t\t\t\t<\/div>\n\t\t\t\t\t\t\t\t\t<div class=\"quiz_section qsm-question-wrapper question-type-0 question-section-id-2 \" data-qid=\"2\">\n\t\t\t\t\t\t<div class='mlw_qmn_new_question'>\u00bfEs clara la informaci\u00f3n? <\/div>\n\t\t\t<div class='mlw_qmn_question  qsm_remove_bold' >\n\t\t<p><\/p>\n\t<\/div>\n\t\t<fieldset>\n\t\t<legend><\/legend>\n\t<div class='qmn_radio_answers mlwRequiredRadio'>\n\t\t\t\t\t\t\t\t<div class=\"qmn_mc_answer_wrap  mrq_checkbox_class\" id=\"question2-1 \">\n\t\t\t\t\t\t\t\t\t\t\t<input type='radio' class='qmn_quiz_radio qmn-multiple-choice-input ' name=\"question2\" id=\"question2_1\" value=\"0\" \/>\n\t\t\t\t\t<label class=\"qsm-input-label\" for=\"question2_1\">\n\t\t\t\t\tSi\t\t\t\t\t<\/label>\n\t\t\t\t\t \t\t\t\t<\/div>\n\t\t\t\t\t\t\t\t\t\t\t<div class=\"qmn_mc_answer_wrap  mrq_checkbox_class\" id=\"question2-2 \">\n\t\t\t\t\t\t\t\t\t\t\t<input type='radio' class='qmn_quiz_radio qmn-multiple-choice-input ' name=\"question2\" id=\"question2_2\" value=\"1\" \/>\n\t\t\t\t\t<label class=\"qsm-input-label\" for=\"question2_2\">\n\t\t\t\t\tNo\t\t\t\t\t<\/label>\n\t\t\t\t\t \t\t\t\t<\/div>\n\t\t\t\t\t \t\t\t<label style=\"display: none !important;\" for=\"question2_none\">Ninguna<\/label>\n\t\t\t<input type=\"radio\" style=\"display: none;\" name=\"question2\" id=\"question2_none\" checked=\"checked\" value=\"\" \/>\n\t\t\t\t<\/div>\n\t<\/fieldset>\n\t\t\t\t\t\t<\/div>\n\t\t\t\t\t\t\t\t\t<div class=\"quiz_section qsm-question-wrapper question-type-0 question-section-id-3 \" data-qid=\"3\">\n\t\t\t\t\t\t<div class='mlw_qmn_new_question'>\u00bfLe resulto f\u00e1cil la informaci\u00f3n que buscaba? <\/div>\n\t\t\t<div class='mlw_qmn_question  qsm_remove_bold' >\n\t\t<p><\/p>\n\t<\/div>\n\t\t<fieldset>\n\t\t<legend><\/legend>\n\t<div class='qmn_radio_answers mlwRequiredRadio'>\n\t\t\t\t\t\t\t\t<div class=\"qmn_mc_answer_wrap  mrq_checkbox_class\" id=\"question3-1 \">\n\t\t\t\t\t\t\t\t\t\t\t<input type='radio' class='qmn_quiz_radio qmn-multiple-choice-input ' name=\"question3\" id=\"question3_1\" value=\"0\" \/>\n\t\t\t\t\t<label class=\"qsm-input-label\" for=\"question3_1\">\n\t\t\t\t\tSi\t\t\t\t\t<\/label>\n\t\t\t\t\t \t\t\t\t<\/div>\n\t\t\t\t\t\t\t\t\t\t\t<div class=\"qmn_mc_answer_wrap  mrq_checkbox_class\" id=\"question3-2 \">\n\t\t\t\t\t\t\t\t\t\t\t<input type='radio' class='qmn_quiz_radio qmn-multiple-choice-input ' name=\"question3\" id=\"question3_2\" value=\"1\" \/>\n\t\t\t\t\t<label class=\"qsm-input-label\" for=\"question3_2\">\n\t\t\t\t\tNo\t\t\t\t\t<\/label>\n\t\t\t\t\t \t\t\t\t<\/div>\n\t\t\t\t\t \t\t\t<label style=\"display: none !important;\" for=\"question3_none\">Ninguna<\/label>\n\t\t\t<input type=\"radio\" style=\"display: none;\" name=\"question3\" id=\"question3_none\" checked=\"checked\" value=\"\" \/>\n\t\t\t\t<\/div>\n\t<\/fieldset>\n\t\t\t\t\t\t<\/div>\n\t\t\t\t\t\t\t\t\t<div class=\"quiz_section qsm-question-wrapper question-type-0 question-section-id-4 \" data-qid=\"4\">\n\t\t\t\t\t\t<div class='mlw_qmn_new_question'>\u00bfC\u00f3mo calificar\u00eda el dise\u00f1o y la presentaci\u00f3n de nuestro sitio web? <\/div>\n\t\t\t<div class='mlw_qmn_question  qsm_remove_bold' >\n\t\t<p><\/p>\n\t<\/div>\n\t\t<fieldset>\n\t\t<legend><\/legend>\n\t<div class='qmn_radio_answers mlwRequiredRadio'>\n\t\t\t\t\t\t\t\t<div class=\"qmn_mc_answer_wrap  mrq_checkbox_class\" id=\"question4-1 \">\n\t\t\t\t\t\t\t\t\t\t\t<input type='radio' class='qmn_quiz_radio qmn-multiple-choice-input ' name=\"question4\" id=\"question4_1\" value=\"0\" \/>\n\t\t\t\t\t<label class=\"qsm-input-label\" for=\"question4_1\">\n\t\t\t\t\tExcelente\t\t\t\t\t<\/label>\n\t\t\t\t\t \t\t\t\t<\/div>\n\t\t\t\t\t\t\t\t\t\t\t<div class=\"qmn_mc_answer_wrap  mrq_checkbox_class\" id=\"question4-2 \">\n\t\t\t\t\t\t\t\t\t\t\t<input type='radio' class='qmn_quiz_radio qmn-multiple-choice-input ' name=\"question4\" id=\"question4_2\" value=\"1\" \/>\n\t\t\t\t\t<label class=\"qsm-input-label\" for=\"question4_2\">\n\t\t\t\t\tBuena\t\t\t\t\t<\/label>\n\t\t\t\t\t \t\t\t\t<\/div>\n\t\t\t\t\t\t\t\t\t\t\t<div class=\"qmn_mc_answer_wrap  mrq_checkbox_class\" id=\"question4-3 \">\n\t\t\t\t\t\t\t\t\t\t\t<input type='radio' class='qmn_quiz_radio qmn-multiple-choice-input ' name=\"question4\" id=\"question4_3\" value=\"2\" \/>\n\t\t\t\t\t<label class=\"qsm-input-label\" for=\"question4_3\">\n\t\t\t\t\tRegular\t\t\t\t\t<\/label>\n\t\t\t\t\t \t\t\t\t<\/div>\n\t\t\t\t\t\t\t\t\t\t\t<div class=\"qmn_mc_answer_wrap  mrq_checkbox_class\" id=\"question4-4 \">\n\t\t\t\t\t\t\t\t\t\t\t<input type='radio' class='qmn_quiz_radio qmn-multiple-choice-input ' name=\"question4\" id=\"question4_4\" value=\"3\" \/>\n\t\t\t\t\t<label class=\"qsm-input-label\" for=\"question4_4\">\n\t\t\t\t\tMala\t\t\t\t\t<\/label>\n\t\t\t\t\t \t\t\t\t<\/div>\n\t\t\t\t\t \t\t\t<label style=\"display: none !important;\" for=\"question4_none\">Ninguna<\/label>\n\t\t\t<input type=\"radio\" style=\"display: none;\" name=\"question4\" id=\"question4_none\" checked=\"checked\" value=\"\" \/>\n\t\t\t\t<\/div>\n\t<\/fieldset>\n\t\t\t\t\t\t<\/div>\n\t\t\t\t\t\t\t\t\t<div class=\"quiz_section qsm-question-wrapper question-type-0 question-section-id-5 \" data-qid=\"5\">\n\t\t\t\t\t\t<div class='mlw_qmn_new_question'>\u00bfQu\u00e9 tan satisfecho est\u00e1 con la informaci\u00f3n y los servicios proporcionados en nuestro sitio web? <\/div>\n\t\t\t<div class='mlw_qmn_question  qsm_remove_bold' >\n\t\t<p><\/p>\n\t<\/div>\n\t\t<fieldset>\n\t\t<legend><\/legend>\n\t<div class='qmn_radio_answers mlwRequiredRadio'>\n\t\t\t\t\t\t\t\t<div class=\"qmn_mc_answer_wrap  mrq_checkbox_class\" id=\"question5-1 \">\n\t\t\t\t\t\t\t\t\t\t\t<input type='radio' class='qmn_quiz_radio qmn-multiple-choice-input ' name=\"question5\" id=\"question5_1\" value=\"0\" \/>\n\t\t\t\t\t<label class=\"qsm-input-label\" for=\"question5_1\">\n\t\t\t\t\tMuy satisfecho\t\t\t\t\t<\/label>\n\t\t\t\t\t \t\t\t\t<\/div>\n\t\t\t\t\t\t\t\t\t\t\t<div class=\"qmn_mc_answer_wrap  mrq_checkbox_class\" id=\"question5-2 \">\n\t\t\t\t\t\t\t\t\t\t\t<input type='radio' class='qmn_quiz_radio qmn-multiple-choice-input ' name=\"question5\" id=\"question5_2\" value=\"1\" \/>\n\t\t\t\t\t<label class=\"qsm-input-label\" for=\"question5_2\">\n\t\t\t\t\tSatisfecho\t\t\t\t\t<\/label>\n\t\t\t\t\t \t\t\t\t<\/div>\n\t\t\t\t\t\t\t\t\t\t\t<div class=\"qmn_mc_answer_wrap  mrq_checkbox_class\" id=\"question5-3 \">\n\t\t\t\t\t\t\t\t\t\t\t<input type='radio' class='qmn_quiz_radio qmn-multiple-choice-input ' name=\"question5\" id=\"question5_3\" value=\"2\" \/>\n\t\t\t\t\t<label class=\"qsm-input-label\" for=\"question5_3\">\n\t\t\t\t\tPoco satisfecho\t\t\t\t\t<\/label>\n\t\t\t\t\t \t\t\t\t<\/div>\n\t\t\t\t\t\t\t\t\t\t\t<div class=\"qmn_mc_answer_wrap  mrq_checkbox_class\" id=\"question5-4 \">\n\t\t\t\t\t\t\t\t\t\t\t<input type='radio' class='qmn_quiz_radio qmn-multiple-choice-input ' name=\"question5\" id=\"question5_4\" value=\"3\" \/>\n\t\t\t\t\t<label class=\"qsm-input-label\" for=\"question5_4\">\n\t\t\t\t\tInsatisfecho\t\t\t\t\t<\/label>\n\t\t\t\t\t \t\t\t\t<\/div>\n\t\t\t\t\t \t\t\t<label style=\"display: none !important;\" for=\"question5_none\">Ninguna<\/label>\n\t\t\t<input type=\"radio\" style=\"display: none;\" name=\"question5\" id=\"question5_none\" checked=\"checked\" value=\"\" \/>\n\t\t\t\t<\/div>\n\t<\/fieldset>\n\t\t\t\t\t\t<\/div>\n\t\t\t\t\t\t\t\t\t<div class=\"quiz_section qsm-question-wrapper question-type-0 question-section-id-6 \" data-qid=\"6\">\n\t\t\t\t\t\t<div class='mlw_qmn_new_question'>\u00bfQu\u00e9 aspecto de nuestro sitio web le result\u00f3 m\u00e1s \u00fatil? <\/div>\n\t\t\t<div class='mlw_qmn_question  qsm_remove_bold' >\n\t\t<p><\/p>\n\t<\/div>\n\t\t<fieldset>\n\t\t<legend><\/legend>\n\t<div class='qmn_radio_answers '>\n\t\t \t\t\t<label style=\"display: none !important;\" for=\"question6_none\">Ninguna<\/label>\n\t\t\t<input type=\"radio\" style=\"display: none;\" name=\"question6\" id=\"question6_none\" checked=\"checked\" value=\"\" \/>\n\t\t\t\t<\/div>\n\t<\/fieldset>\n\t\t\t\t\t\t<textarea class=\"qsm-question-comment qsm-question-comment-large mlw_qmn_question_comment\" id=\"mlwComment6\" name=\"mlwComment6\" placeholder=\"Comentarios\" onclick=\"qmnClearField(this)\" ><\/textarea>\n\t\t\t\t\t\t\t\t\t\t<\/div>\n\t\t\t\t\t\t\t\t\t<div class=\"quiz_section qsm-question-wrapper question-type-0 question-section-id-7 \" data-qid=\"7\">\n\t\t\t\t\t\t<div class='mlw_qmn_new_question'>\u00bfTiene alg\u00fan comentario adicional o sugerencia para mejorar nuestro sitio web? <\/div>\n\t\t\t<div class='mlw_qmn_question  qsm_remove_bold' >\n\t\t<p><\/p>\n\t<\/div>\n\t\t<fieldset>\n\t\t<legend><\/legend>\n\t<div class='qmn_radio_answers '>\n\t\t \t\t\t<label style=\"display: none !important;\" for=\"question7_none\">Ninguna<\/label>\n\t\t\t<input type=\"radio\" style=\"display: none;\" name=\"question7\" id=\"question7_none\" checked=\"checked\" value=\"\" \/>\n\t\t\t\t<\/div>\n\t<\/fieldset>\n\t\t\t\t\t\t<textarea class=\"qsm-question-comment qsm-question-comment-large mlw_qmn_question_comment\" id=\"mlwComment7\" name=\"mlwComment7\" placeholder=\"Comentarios\" onclick=\"qmnClearField(this)\" ><\/textarea>\n\t\t\t\t\t\t\t\t\t\t<\/div>\n\t\t\t\t\t\t\t<\/section>\n\t\t\t\t\t<input type=\"hidden\" name=\"qmn_question_list\" value=\"1Q2Q3Q4Q5Q6Q7Q\" \/>\n\t\t\t\t\t\t\t<div id=\"mlw_error_message_bottom\" class=\"qsm-error-message qmn_error_message_section\"><\/div>\n\t\t\t\t\t<input type=\"hidden\" name=\"qmn_all_questions_count\" id=\"qmn_all_questions_count\" value=\"7\" \/>\n\t\t\t\t\t<input type=\"hidden\" name=\"total_questions\" id=\"total_questions\" value=\"7\" \/>\n\t\t\t\t\t<input type=\"hidden\" name=\"timer\" id=\"timer\" value=\"0\" \/>\n\t\t\t\t\t<input type=\"hidden\" name=\"timer_ms\" id=\"timer_ms\" value=\"0\"\/>\n\t\t\t\t\t<input type=\"hidden\" class=\"qmn_quiz_id\" name=\"qmn_quiz_id\" id=\"qmn_quiz_id\" value=\"1\" \/>\n\t\t\t\t\t<input type='hidden' name='complete_quiz' value='confirmation' \/>\n\t\t\t\t\t\t\t\t\t<\/form>\n\t\t<\/div>\n\t\t<div style=\"display: none;\" class=\"qsm-popup qsm-popup-slide\" id=\"modal-4\" aria-hidden=\"false\"><div class=\"qsm-popup__overlay\" tabindex=\"-1\" data-micromodal-close=\"\"><div class=\"qsm-popup__container qmn_quiz_container\" role=\"dialog\" aria-modal=\"true\"><div class=\"qsm-popup__content\"><img decoding=\"async\" src=\"https:\/\/stlcc.gob.hn\/wp-content\/plugins\/quiz-master-next\/assets\/clock.png\" alt=\"clock.png\"\/><p class=\"qsm-time-up-text\"> Se acab\u00f3 el tiempo<\/p><\/div><footer class=\"qsm-popup__footer\"><button class=\"qsm-popup-secondary-button qmn_btn\" data-micromodal-close=\"\" aria-label=\"Close this dialog window\" onclick=\"location.reload();\">Cancelar<\/button><\/footer><\/div><\/div><\/div>\n","protected":false},"excerpt":{"rendered":"","protected":false},"author":1,"featured_media":0,"parent":0,"menu_order":0,"comment_status":"closed","ping_status":"closed","template":"","meta":{"_bbp_topic_count":0,"_bbp_reply_count":0,"_bbp_total_topic_count":0,"_bbp_total_reply_count":0,"_bbp_voice_count":0,"_bbp_anonymous_reply_count":0,"_bbp_topic_count_hidden":0,"_bbp_reply_count_hidden":0,"_bbp_forum_subforum_count":0,"footnotes":""},"class_list":["post-1968","page","type-page","status-publish","hentry"],"_links":{"self":[{"href":"https:\/\/stlcc.gob.hn\/index.php?rest_route=\/wp\/v2\/pages\/1968","targetHints":{"allow":["GET"]}}],"collection":[{"href":"https:\/\/stlcc.gob.hn\/index.php?rest_route=\/wp\/v2\/pages"}],"about":[{"href":"https:\/\/stlcc.gob.hn\/index.php?rest_route=\/wp\/v2\/types\/page"}],"author":[{"embeddable":true,"href":"https:\/\/stlcc.gob.hn\/index.php?rest_route=\/wp\/v2\/users\/1"}],"replies":[{"embeddable":true,"href":"https:\/\/stlcc.gob.hn\/index.php?rest_route=%2Fwp%2Fv2%2Fcomments&post=1968"}],"version-history":[{"count":1,"href":"https:\/\/stlcc.gob.hn\/index.php?rest_route=\/wp\/v2\/pages\/1968\/revisions"}],"predecessor-version":[{"id":1969,"href":"https:\/\/stlcc.gob.hn\/index.php?rest_route=\/wp\/v2\/pages\/1968\/revisions\/1969"}],"wp:attachment":[{"href":"https:\/\/stlcc.gob.hn\/index.php?rest_route=%2Fwp%2Fv2%2Fmedia&parent=1968"}],"curies":[{"name":"wp","href":"https:\/\/api.w.org\/{rel}","templated":true}]}}