{"id":9185,"date":"2025-06-20T18:06:43","date_gmt":"2025-06-20T18:06:43","guid":{"rendered":"https:\/\/stlcc.gob.hn\/?page_id=9185"},"modified":"2026-02-10T15:53:59","modified_gmt":"2026-02-10T15:53:59","slug":"preguntas-frecuentes","status":"publish","type":"page","link":"https:\/\/stlcc.gob.hn\/?page_id=9185","title":{"rendered":"Preguntas Frecuentes"},"content":{"rendered":"\n<h1 class=\"wp-block-heading has-text-align-center has-text-color has-link-color wp-elements-11103a24db81290e53a53ee3429e0c59\" style=\"color:#273b7e;font-size:clamp(26.465px, 1.654rem + ((1vw - 3.2px) * 1.931), 45px);\">Bienvenido a nuestras Preguntas Frecuentes<\/h1>\n\n\n\n<p class=\"separator-line-roja3\"><\/p>\n\n\n\n<div style=\"height:var(--wp--preset--spacing--x-small)\" aria-hidden=\"true\" class=\"wp-block-spacer\"><\/div>\n\n\n\n<h3 class=\"wp-block-heading\">1. \u00bfQu\u00e9 es la STLCC?<\/h3>\n\n\n\n<p class=\"texto-justificado2\">Es la entidad del Estado encargada de promover la transparencia, rendici\u00f3n de cuentas, prevenci\u00f3n de la corrupci\u00f3n y modernizaci\u00f3n administrativa.<\/p>\n\n\n\n<h3 class=\"wp-block-heading\">2. \u00bfQu\u00e9 dependencias conforman la STLCC?<\/h3>\n\n\n\n<ul class=\"wp-block-list\">\n<li>Direcci\u00f3n General de Transparencia y Prevenci\u00f3n de la Corrupci\u00f3n (DGTPC)<\/li>\n\n\n\n<li>ONCAE<\/li>\n\n\n\n<li>ONADICI<\/li>\n\n\n\n<li>Escuela de Buen Gobierno (EBG)<\/li>\n\n\n\n<li>Direcci\u00f3n General de Modernizaci\u00f3n Administrativa (DGMA)<\/li>\n<\/ul>\n\n\n\n<h3 class=\"wp-block-heading\">3. \u00bfQu\u00e9 es ONADICI?<\/h3>\n\n\n\n<p>Es la oficina que promueve el control interno y el cumplimiento normativo en las instituciones p\u00fablicas.<\/p>\n\n\n\n<h3 class=\"wp-block-heading\">4. \u00bfQu\u00e9 hace ONCAE?<\/h3>\n\n\n\n<p>Regula y supervisa los procesos de compras y contrataciones del Estado.<\/p>\n\n\n\n<h3 class=\"wp-block-heading\">5. \u00bfQu\u00e9 ofrece la Escuela de Buen Gobierno<\/h3>\n\n\n\n<p>Capacitaci\u00f3n en buenas pr\u00e1cticas, \u00e9tica p\u00fablica y gesti\u00f3n transparente para funcionarios y ciudadanos.<\/p>\n\n\n\n<h3 class=\"wp-block-heading\">6. \u00bfQu\u00e9 es la Direcci\u00f3n General de Modernizaci\u00f3n Administrativa?<\/h3>\n\n\n\n<p>Encargada de simplificar procesos, mejorar servicios y modernizar la gesti\u00f3n p\u00fablica.<\/p>\n\n\n\n<h3 class=\"wp-block-heading\">7. \u00bfC\u00f3mo puedo participar como ciudadano en temas de transparencia?<\/h3>\n\n\n\n<p>A trav\u00e9s de auditor\u00eda social, solicitudes de informaci\u00f3n p\u00fablica, capacitaciones y denuncias ciudadanas.<\/p>\n\n\n\n<h3 class=\"wp-block-heading\">8. \u00bfC\u00f3mo denunciar actos de corrupci\u00f3n?<\/h3>\n\n\n\n<p>Puedes hacerlo de forma gratuita y an\u00f3nima a trav\u00e9s del <strong>Sistema 130<\/strong>, en l\u00ednea (<a class=\"\" href=\"https:\/\/sistema130.gob.hn\">https:\/\/sistema130.gob.hn<\/a>), por tel\u00e9fono, correo o presencialmente.<\/p>\n\n\n\n<h3 class=\"wp-block-heading\">9. \u00bfDonde estamos ubicados?<\/h3>\n\n\n\n<p>Secretar\u00eda de Transparencia y Lucha Contra la Corrupci\u00f3n Antiguo Centro C\u00edvico Gubernamental, Blvd. FFAA contiguo a Chiminike, CA-6, Tegucigalpa, Honduras <\/p>\n","protected":false},"excerpt":{"rendered":"<p>Bienvenido a nuestras Preguntas Frecuentes 1. \u00bfQu\u00e9 es la STLCC? Es la entidad del Estado encargada de promover la transparencia, rendici\u00f3n de cuentas, prevenci\u00f3n de la corrupci\u00f3n y modernizaci\u00f3n administrativa. 2. \u00bfQu\u00e9 dependencias conforman la STLCC? 3. \u00bfQu\u00e9 es ONADICI? Es la oficina que promueve el control interno y el cumplimiento normativo en las instituciones &hellip; <\/p>\n<p class=\"link-more\"><a href=\"https:\/\/stlcc.gob.hn\/?page_id=9185\" class=\"more-link\">Leer m\u00e1s<span class=\"screen-reader-text\"> \u00abPreguntas Frecuentes\u00bb<\/span><\/a><\/p>\n","protected":false},"author":1,"featured_media":0,"parent":0,"menu_order":0,"comment_status":"closed","ping_status":"closed","template":"","meta":{"_bbp_topic_count":0,"_bbp_reply_count":0,"_bbp_total_topic_count":0,"_bbp_total_reply_count":0,"_bbp_voice_count":0,"_bbp_anonymous_reply_count":0,"_bbp_topic_count_hidden":0,"_bbp_reply_count_hidden":0,"_bbp_forum_subforum_count":0,"footnotes":""},"class_list":["post-9185","page","type-page","status-publish","hentry"],"_links":{"self":[{"href":"https:\/\/stlcc.gob.hn\/index.php?rest_route=\/wp\/v2\/pages\/9185","targetHints":{"allow":["GET"]}}],"collection":[{"href":"https:\/\/stlcc.gob.hn\/index.php?rest_route=\/wp\/v2\/pages"}],"about":[{"href":"https:\/\/stlcc.gob.hn\/index.php?rest_route=\/wp\/v2\/types\/page"}],"author":[{"embeddable":true,"href":"https:\/\/stlcc.gob.hn\/index.php?rest_route=\/wp\/v2\/users\/1"}],"replies":[{"embeddable":true,"href":"https:\/\/stlcc.gob.hn\/index.php?rest_route=%2Fwp%2Fv2%2Fcomments&post=9185"}],"version-history":[{"count":16,"href":"https:\/\/stlcc.gob.hn\/index.php?rest_route=\/wp\/v2\/pages\/9185\/revisions"}],"predecessor-version":[{"id":9831,"href":"https:\/\/stlcc.gob.hn\/index.php?rest_route=\/wp\/v2\/pages\/9185\/revisions\/9831"}],"wp:attachment":[{"href":"https:\/\/stlcc.gob.hn\/index.php?rest_route=%2Fwp%2Fv2%2Fmedia&parent=9185"}],"curies":[{"name":"wp","href":"https:\/\/api.w.org\/{rel}","templated":true}]}}